{"id":2155,"date":"2024-10-31T14:24:49","date_gmt":"2024-10-31T13:24:49","guid":{"rendered":"https:\/\/fonkelzorginternational.nl\/furnizorii-nostri-de-ingrijire\/"},"modified":"2025-01-21T18:24:52","modified_gmt":"2025-01-21T17:24:52","slug":"furnizorii-nostri-de-ingrijire","status":"publish","type":"page","link":"https:\/\/fonkelzorginternational.nl\/ro\/furnizorii-nostri-de-ingrijire\/","title":{"rendered":"Furnizorii no\u0219tri de \u00eengrijire"},"content":{"rendered":"<p>[et_pb_section fb_built=&#8221;1&#8243; _builder_version=&#8221;4.27.2&#8243; _module_preset=&#8221;default&#8221; background_color=&#8221;#f4f7f7&#8243; global_colors_info=&#8221;{}&#8221;][et_pb_row column_structure=&#8221;1_2,1_2&#8243; _builder_version=&#8221;4.27.2&#8243; _module_preset=&#8221;09c0414f-3a3e-4b97-af9c-9811d5b79938&#8243; global_colors_info=&#8221;{}&#8221;][et_pb_column type=&#8221;1_2&#8243; _builder_version=&#8221;4.27.2&#8243; _module_preset=&#8221;default&#8221; background_image=&#8221;https:\/\/fonkelzorginternational.nl\/wp-content\/uploads\/2024\/12\/yellow-border-hexa.svg&#8221; background_size=&#8221;contain&#8221; global_colors_info=&#8221;{}&#8221;][et_pb_image src=&#8221;https:\/\/fonkelzorginternational.nl\/wp-content\/uploads\/2024\/12\/43.-Online-tolk-aanwezig-bij-patient-en-huisarts-spreekuur-scaled.jpg&#8221; title_text=&#8221;43. Interpret online prezent la consulta\u021biile pacien\u021bilor \u0219i ale medicilor de familie&#8221; _builder_version=&#8221;4.27.4&#8243; _module_preset=&#8221;default&#8221; width=&#8221;400px&#8221; width_tablet=&#8221;300px&#8221; width_phone=&#8221;250px&#8221; width_last_edited=&#8221;on|phone&#8221; max_width=&#8221;100%&#8221; height=&#8221;400px&#8221; height_tablet=&#8221;300px&#8221; height_phone=&#8221;250px&#8221; height_last_edited=&#8221;on|phone&#8221; custom_css_main_element=&#8221; clip-path: polygon(50% 0, 100% 25%, 100% 75%, 50% 100%, 0 75%, 0 25%);&#8221; custom_css_free_form=&#8221;selector img {||  object-fit: cover !important;||  width: 100% !important;||}||selector .et_pb_image_wrap {||  width: 100% !important;||}&#8221; global_colors_info=&#8221;{}&#8221;][\/et_pb_image][et_pb_image src=&#8221;https:\/\/fonkelzorginternational.nl\/wp-content\/uploads\/2025\/01\/11.-Samenwerken-Medisch-Contact-Centrum-scaled.jpg&#8221; title_text=&#8221;11. Colaborare Centrul de contact medical&#8221; align=&#8221;right&#8221; align_tablet=&#8221;right&#8221; align_phone=&#8221;right&#8221; align_last_edited=&#8221;on|phone&#8221; _builder_version=&#8221;4.27.4&#8243; _module_preset=&#8221;default&#8221; width=&#8221;250px&#8221; width_tablet=&#8221;250px&#8221; width_phone=&#8221;180px&#8221; width_last_edited=&#8221;on|phone&#8221; max_width=&#8221;100%&#8221; height=&#8221;250px&#8221; height_tablet=&#8221;250px&#8221; height_phone=&#8221;180px&#8221; height_last_edited=&#8221;on|phone&#8221; custom_margin=&#8221;-150px||||false|false&#8221; custom_margin_tablet=&#8221;-100px||||false|false&#8221; custom_margin_phone=&#8221;-60px||||false|false&#8221; custom_margin_last_edited=&#8221;on|phone&#8221; custom_css_main_element=&#8221; clip-path: polygon(50% 0, 100% 25%, 100% 75%, 50% 100%, 0 75%, 0 25%);&#8221; custom_css_free_form=&#8221;selector img {||  object-fit: cover !important;||  width: 100% !important;||}||selector .et_pb_image_wrap {||  width: 100% !important;||}&#8221; global_colors_info=&#8221;{}&#8221;][\/et_pb_image][et_pb_image src=&#8221;https:\/\/fonkelzorginternational.nl\/wp-content\/uploads\/2024\/12\/starts-icon-2nd.svg&#8221; title_text=&#8221;\u00eencepe-icon-2nd&#8221; align=&#8221;right&#8221; _builder_version=&#8221;4.27.2&#8243; _module_preset=&#8221;default&#8221; positioning=&#8221;absolute&#8221; position_origin_a=&#8221;top_right&#8221; horizontal_offset=&#8221;50px&#8221; z_index=&#8221;15&#8243; width=&#8221;100%&#8221; max_width_tablet=&#8221;80px&#8221; max_width_phone=&#8221;50px&#8221; max_width_last_edited=&#8221;on|tablet&#8221; scroll_vertical_motion_enable=&#8221;on&#8221; scroll_vertical_motion=&#8221;0|50|50|100|-0.5|0|1.5&#8243; locked=&#8221;off&#8221; global_colors_info=&#8221;{}&#8221;][\/et_pb_image][\/et_pb_column][et_pb_column type=&#8221;1_2&#8243; _builder_version=&#8221;4.27.2&#8243; _module_preset=&#8221;default&#8221; global_colors_info=&#8221;{}&#8221;][et_pb_text _builder_version=&#8221;4.27.4&#8243; _module_preset=&#8221;934048b2-590c-4ac1-94c0-c2ee591e333f&#8221; header_5_font=&#8221;|700||on|||||&#8221; header_5_text_color=&#8221;#8DD0E1&#8243; header_5_line_height=&#8221;20px&#8221; custom_margin=&#8221;||0px||false|false&#8221; locked=&#8221;off&#8221; global_colors_info=&#8221;{}&#8221;]<\/p>\n<h5>Sc\u00e2nteile noastre<\/h5>\n<p>[\/et_pb_text][et_pb_text _builder_version=&#8221;4.27.2&#8243; _module_preset=&#8221;934048b2-590c-4ac1-94c0-c2ee591e333f&#8221; header_2_font=&#8221;|700|||||||&#8221; header_2_text_color=&#8221;#337D82&#8243; header_2_font_size=&#8221;36px&#8221; header_2_line_height=&#8221;40px&#8221; module_alignment=&#8221;left&#8221; custom_margin=&#8221;||||false|false&#8221; header_2_font_size_tablet=&#8221;36px&#8221; header_2_font_size_phone=&#8221;&#8221; header_2_font_size_last_edited=&#8221;on|tablet&#8221; locked=&#8221;off&#8221; global_colors_info=&#8221;{}&#8221;]<\/p>\n<h2>\u00cengrijitorii dumneavoastr\u0103.<\/h2>\n<p>[\/et_pb_text][et_pb_text _builder_version=&#8221;4.27.2&#8243; _module_preset=&#8221;934048b2-590c-4ac1-94c0-c2ee591e333f&#8221; text_text_color=&#8221;#727272&#8243; text_font_size=&#8221;16px&#8221; text_line_height=&#8221;24px&#8221; module_alignment=&#8221;left&#8221; custom_padding_tablet=&#8221;||0px||false|false&#8221; custom_padding_phone=&#8221;||0px||false|false&#8221; custom_padding_last_edited=&#8221;on|phone&#8221; locked=&#8221;off&#8221; global_colors_info=&#8221;{}&#8221;]<\/p>\n<p>La Fonkelzorg International, doar \u00eengrijitorii interna\u021bionali lucreaz\u0103, special pentru dumneavoastr\u0103.<strong>  Deci chiar \u0219i medicul dumneavoastr\u0103 de familie are o alt\u0103 limb\u0103 matern\u0103 dec\u00e2t olandeza!<\/strong>  La fel ca asisten\u021bii pe care \u00eei primi\u021bi la telefon atunci c\u00e2nd suna\u021bi pentru o programare. Credem c\u0103 acest lucru contribuie la o mai bun\u0103 \u00eengrijire a medicului de familie, deoarece pute\u021bi explica \u00een propria limb\u0103 ce se \u00eent\u00e2mpl\u0103. Nu exist\u0103 nicio barier\u0103 lingvistic\u0103. \u00cen plus, aceste persoane \u00een\u021beleg diferen\u021bele dintre asisten\u021ba medical\u0103 din \u021bara dumneavoastr\u0103 de origine \u0219i cea din \u021a\u0103rile de Jos. Asta face o mare diferen\u021b\u0103!    <\/p>\n<p><strong>Furnizorul de servicii medicale care v\u0103 va primi va vorbi limba dumneavoastr\u0103 matern\u0103 sau vom aranja ca unul dintre asisten\u021bii no\u0219tri s\u0103 fie prezent online ca interpret.<\/strong>  Sau am\u00e2ndoi vorbi\u021bi engleza, este de asemenea posibil. \u00cen orice caz, oferim \u00eentotdeauna o solu\u021bie adecvat\u0103, astfel \u00eenc\u00e2t s\u0103 beneficia\u021bi de cea mai bun\u0103 \u00eengrijire. <\/p>\n<p>Suntem bucuro\u0219i s\u0103 ne prezent\u0103m \u00een fa\u021ba dumneavoastr\u0103!<\/p>\n<p>[\/et_pb_text][\/et_pb_column][\/et_pb_row][\/et_pb_section][et_pb_section fb_built=&#8221;1&#8243; _builder_version=&#8221;4.27.4&#8243; _module_preset=&#8221;default&#8221; global_colors_info=&#8221;{}&#8221;][et_pb_row column_structure=&#8221;1_3,1_3,1_3&#8243; _builder_version=&#8221;4.27.4&#8243; _module_preset=&#8221;default&#8221; global_colors_info=&#8221;{}&#8221;][et_pb_column type=&#8221;1_3&#8243; _builder_version=&#8221;4.27.4&#8243; _module_preset=&#8221;default&#8221; global_colors_info=&#8221;{}&#8221;][et_pb_image src=&#8221;https:\/\/fonkelzorginternational.nl\/wp-content\/uploads\/2025\/01\/Kseniia-Mazanko-Fonkelzorg-1.png&#8221; title_text=&#8221;Kseniia Mazanko Fonkelzorg-1&#8243; _builder_version=&#8221;4.27.4&#8243; _module_preset=&#8221;default&#8221; global_colors_info=&#8221;{}&#8221;][\/et_pb_image][et_pb_text _builder_version=&#8221;4.27.4&#8243; _module_preset=&#8221;default&#8221; global_colors_info=&#8221;{}&#8221;]<\/p>\n<h3>Kseniia Mazanko<em>furnizor de servicii<\/em><em>medicale<\/em><\/h3>\n<p>Kseniia este din Ucraina, unde a studiat medicina, dar acum nu mai vrea s\u0103 tr\u0103iasc\u0103 din cauza r\u0103zboiului. \u00cen \u021a\u0103rile de Jos, ea \u0219i-a g\u0103sit o nou\u0103 cas\u0103. \ud83d\ude4f    <\/p>\n<p><em>Limbi: Ucrainean\u0103<\/em><span data-teams=\"true\">ian\u0103<em>, rus\u0103, englez\u0103 \u0219i un pic de olandez\u0103<\/em>.<\/span><\/p>\n<p>[\/et_pb_text][\/et_pb_column][et_pb_column type=&#8221;1_3&#8243; _builder_version=&#8221;4.27.4&#8243; _module_preset=&#8221;default&#8221; global_colors_info=&#8221;{}&#8221;][et_pb_image src=&#8221;https:\/\/fonkelzorginternational.nl\/wp-content\/uploads\/2025\/01\/Foto-medewerker-komt-eraan-Fonkelzorg.png&#8221; title_text=&#8221;Photo-collaborator-come-to-Fonkelcare&#8221; _builder_version=&#8221;4.27.4&#8243; _module_preset=&#8221;default&#8221; global_colors_info=&#8221;{}&#8221;][\/et_pb_image][et_pb_text _builder_version=&#8221;4.27.4&#8243; _module_preset=&#8221;default&#8221; global_colors_info=&#8221;{}&#8221;]<\/p>\n<h3>Addy Alcocer<em>furnizor de servicii<\/em><em>medicale<\/em><\/h3>\n<p>Addy este din Mexic, unde a lucrat ca medic generalist timp de 10 ani. \u2764\ufe0f A emigrat \u00een Olanda din dragoste \u0219i locuie\u0219te \u00een Olanda din 2024.  <\/p>\n<p><em>Limbi str\u0103ine: Spaniol\u0103, englez\u0103 \u0219i un pic de olandez\u0103.<\/em><\/p>\n<p>[\/et_pb_text][\/et_pb_column][et_pb_column type=&#8221;1_3&#8243; _builder_version=&#8221;4.27.4&#8243; _module_preset=&#8221;default&#8221; global_colors_info=&#8221;{}&#8221;][et_pb_image src=&#8221;https:\/\/fonkelzorginternational.nl\/wp-content\/uploads\/2025\/01\/Kasia-Cox-Fonkelzorg.png&#8221; title_text=&#8221;Kasia Cox Fonkelzorg&#8221; _builder_version=&#8221;4.27.4&#8243; _module_preset=&#8221;default&#8221; global_colors_info=&#8221;{}&#8221;][\/et_pb_image][et_pb_text _builder_version=&#8221;4.27.4&#8243; _module_preset=&#8221;default&#8221; global_colors_info=&#8221;{}&#8221;]<\/p>\n<h3>Kasia Cox<em>asistent<\/em><em>medical Interna\u021bional<\/em><\/h3>\n<p>Kasia este din Polonia \u0219i locuie\u0219te \u00een Olanda din 2002. S-a mutat aici din dragoste. \u2764\ufe0f A urmat cursuri de triaj la Fonkelzorg.  <\/p>\n<p><em>Limbi str\u0103ine: Polonez\u0103, olandez\u0103 \u0219i englez\u0103 rezonabil\u0103.  <\/em><\/p>\n<p>[\/et_pb_text][\/et_pb_column][\/et_pb_row][et_pb_row column_structure=&#8221;1_3,1_3,1_3&#8243; _builder_version=&#8221;4.27.4&#8243; _module_preset=&#8221;default&#8221; global_colors_info=&#8221;{}&#8221;][et_pb_column type=&#8221;1_3&#8243; _builder_version=&#8221;4.27.4&#8243; _module_preset=&#8221;default&#8221; global_colors_info=&#8221;{}&#8221;][et_pb_image src=&#8221;https:\/\/fonkelzorginternational.nl\/wp-content\/uploads\/2025\/01\/Izabela-Mialik-Fonkelzorg.png&#8221; title_text=&#8221;Izabela Mialik Fonkelzorg&#8221; _builder_version=&#8221;4.27.4&#8243; _module_preset=&#8221;default&#8221; global_colors_info=&#8221;{}&#8221;][\/et_pb_image][et_pb_text _builder_version=&#8221;4.27.4&#8243; _module_preset=&#8221;default&#8221; global_colors_info=&#8221;{}&#8221;]<\/p>\n<h3>Izabela Mialik<\/h3>\n<p>Izabela este din Polonia \u0219i locuie\u0219te \u00een Olanda din 2008. Munca ei la Fonkelzorg a devenit marea ei pasiune. \u00cen acest scop, ea a fost instruit\u0103 la Fonkelzorg pentru a face un triaj adecvat.  <\/p>\n<p><em>Limbi: Polonez\u0103, englez\u0103 \u0219i olandez\u0103.<\/em><\/p>\n<p>[\/et_pb_text][\/et_pb_column][et_pb_column type=&#8221;1_3&#8243; _builder_version=&#8221;4.27.4&#8243; _module_preset=&#8221;default&#8221; global_colors_info=&#8221;{}&#8221;][et_pb_image src=&#8221;https:\/\/fonkelzorginternational.nl\/wp-content\/uploads\/2025\/01\/Urszula-Kwiatkowska-Fonkelzorg.png&#8221; title_text=&#8221;Urszula Kwiatkowska-Fonkelzorg&#8221; _builder_version=&#8221;4.27.4&#8243; _module_preset=&#8221;default&#8221; global_colors_info=&#8221;{}&#8221;][\/et_pb_image][et_pb_text _builder_version=&#8221;4.27.4&#8243; _module_preset=&#8221;default&#8221; global_colors_info=&#8221;{}&#8221;]<\/p>\n<h3>Urszula Kwiatkowksa<em>asistent<\/em><em>medical Interna\u021bional<\/em><\/h3>\n<p>Urzula este din Polonia \u0219i s-a mutat \u00een Olanda \u00een 2009 pentru o via\u021b\u0103 mai bun\u0103. \u00cen Polonia, a studiat limba englez\u0103, iar la Fonkelzorg a fost instruit\u0103 s\u0103 fac\u0103 triaj telefonic.   <\/p>\n<p><em>Limbi: Polonez\u0103, englez\u0103 \u0219i olandez\u0103.<\/em><\/p>\n<p>[\/et_pb_text][\/et_pb_column][et_pb_column type=&#8221;1_3&#8243; _builder_version=&#8221;4.27.4&#8243; _module_preset=&#8221;default&#8221; global_colors_info=&#8221;{}&#8221;][et_pb_image src=&#8221;https:\/\/fonkelzorginternational.nl\/wp-content\/uploads\/2025\/01\/Daniele-Dineva-Fonkelzorg-.png&#8221; title_text=&#8221;Daniele Dineva Fonkelzorg&#8221; _builder_version=&#8221;4.27.4&#8243; _module_preset=&#8221;default&#8221; global_colors_info=&#8221;{}&#8221;][\/et_pb_image][et_pb_text _builder_version=&#8221;4.27.4&#8243; _module_preset=&#8221;default&#8221; hover_enabled=&#8221;0&#8243; global_colors_info=&#8221;{}&#8221; sticky_enabled=&#8221;0&#8243;]<\/p>\n<h3>Daniela Dineva<\/h3>\n<p>Daniela provine din Bulgaria, dar este un adev\u0103rat cet\u0103\u021bean al lumii. A locuit \u0219i a lucrat \u00een Anglia, Italia \u0219i, din 2006, \u00een \u021a\u0103rile de Jos. A studiat HBO-V timp de 3 ani \u0219i literatura englez\u0103.  <\/p>\n<p><em>Limbi str\u0103ine: Citirea, scrierea \u0219i \u00een\u021belegerea limbilor bulgar\u0103, englez\u0103, olandez\u0103 \u0219i rus\u0103.<\/em><\/p>\n<p>[\/et_pb_text][\/et_pb_column][\/et_pb_row][et_pb_row column_structure=&#8221;1_3,1_3,1_3&#8243; _builder_version=&#8221;4.27.4&#8243; _module_preset=&#8221;default&#8221; global_colors_info=&#8221;{}&#8221;][et_pb_column type=&#8221;1_3&#8243; _builder_version=&#8221;4.27.4&#8243; _module_preset=&#8221;default&#8221; global_colors_info=&#8221;{}&#8221;][et_pb_image src=&#8221;https:\/\/fonkelzorginternational.nl\/wp-content\/uploads\/2025\/01\/Ioana-Radulescu-Fonkelzorg.png&#8221; title_text=&#8221;Ioana Radulescu Fonkelzorg&#8221; _builder_version=&#8221;4.27.4&#8243; _module_preset=&#8221;default&#8221; global_colors_info=&#8221;{}&#8221;][\/et_pb_image][et_pb_text _builder_version=&#8221;4.27.4&#8243; _module_preset=&#8221;default&#8221; global_colors_info=&#8221;{}&#8221;]<\/p>\n<h3>Ioana Radulescu<em>Asistent<\/em><em>\u00eengrijire<\/em><\/h3>\n<p>Ioana este din Rom\u00e2nia \u0219i locuie\u0219te \u00een Olanda din 2017. Dragostea \u2764\ufe0f a adus-o \u00een Olanda. \u00cen \u021bara natal\u0103, a studiat filosofia, din interes pentru comportamentul uman. Dac\u0103 suna\u021bi pentru o programare, o pute\u021bi g\u0103si pe Ioana la telefon.     <\/p>\n<p><em>Limbi str\u0103ine: Rom\u00e2n\u0103, englez\u0103 \u0219i olandez\u0103.  <\/em><\/p>\n<p>[\/et_pb_text][\/et_pb_column][et_pb_column type=&#8221;1_3&#8243; _builder_version=&#8221;4.27.4&#8243; _module_preset=&#8221;default&#8221; global_colors_info=&#8221;{}&#8221;][et_pb_image src=&#8221;https:\/\/fonkelzorginternational.nl\/wp-content\/uploads\/2025\/01\/Aline-Vargas-Fonkelzorg.png&#8221; title_text=&#8221;Aline Vargas Fonkelzorg&#8221; _builder_version=&#8221;4.27.4&#8243; _module_preset=&#8221;default&#8221; hover_enabled=&#8221;0&#8243; global_colors_info=&#8221;{}&#8221; sticky_enabled=&#8221;0&#8243;][\/et_pb_image][et_pb_text _builder_version=&#8221;4.27.4&#8243; _module_preset=&#8221;default&#8221; global_colors_info=&#8221;{}&#8221;]<\/p>\n<h3>Aline de Vargas<em>Lucr\u0103tor de asisten\u021b\u0103<\/em><em>medical\u0103<\/em><\/h3>\n<p>Aline este din <span data-teams=\"true\">Uruguay<\/span> \u0219i a venit \u00een Olanda \u00een 2016. A studiat psihologia \u0219i \u00een prezent urmeaz\u0103 un premasterat \u00een psihologia clinic\u0103 a copiilor \u0219i tinerilor la Open University. <\/p>\n<p><em>Limbi str\u0103ine: Spaniol\u0103, englez\u0103 \u0219i olandez\u0103.<\/em><\/p>\n<p>[\/et_pb_text][\/et_pb_column][et_pb_column type=&#8221;1_3&#8243; _builder_version=&#8221;4.27.4&#8243; _module_preset=&#8221;default&#8221; global_colors_info=&#8221;{}&#8221;][\/et_pb_column][\/et_pb_row][\/et_pb_section]<\/p>\n","protected":false},"excerpt":{"rendered":"<p>Sc\u00e2nteile noastre\u00cengrijitorii dumneavoastr\u0103.La Fonkelzorg International, doar \u00eengrijitorii interna\u021bionali lucreaz\u0103, special pentru dumneavoastr\u0103. Deci chiar \u0219i medicul dumneavoastr\u0103 de familie are o alt\u0103 limb\u0103 matern\u0103 dec\u00e2t olandeza! La fel ca asisten\u021bii pe care \u00eei primi\u021bi la telefon atunci c\u00e2nd suna\u021bi pentru o programare. Credem c\u0103 acest lucru contribuie la o mai bun\u0103 \u00eengrijire a medicului de [&hellip;]<\/p>\n","protected":false},"author":1,"featured_media":0,"parent":0,"menu_order":0,"comment_status":"closed","ping_status":"closed","template":"","meta":{"_et_pb_use_builder":"on","_et_pb_old_content":"","_et_gb_content_width":"","footnotes":""},"dipi_cpt_category":[],"class_list":["post-2155","page","type-page","status-publish","hentry"],"yoast_head":"<!-- This site is optimized with the Yoast SEO plugin v27.5 - https:\/\/yoast.com\/product\/yoast-seo-wordpress\/ -->\n<title>Furnizorii no\u0219tri de \u00eengrijire - Fonkelzorginternational<\/title>\n<meta name=\"robots\" content=\"index, follow, max-snippet:-1, max-image-preview:large, max-video-preview:-1\" \/>\n<link rel=\"canonical\" href=\"https:\/\/fonkelzorginternational.nl\/ro\/furnizorii-nostri-de-ingrijire\/\" \/>\n<meta property=\"og:locale\" content=\"ro_RO\" \/>\n<meta property=\"og:type\" content=\"article\" \/>\n<meta property=\"og:title\" content=\"Furnizorii no\u0219tri de \u00eengrijire - Fonkelzorginternational\" \/>\n<meta property=\"og:description\" content=\"Sc\u00e2nteile noastre\u00cengrijitorii dumneavoastr\u0103.La Fonkelzorg International, doar \u00eengrijitorii interna\u021bionali lucreaz\u0103, special pentru dumneavoastr\u0103. Deci chiar \u0219i medicul dumneavoastr\u0103 de familie are o alt\u0103 limb\u0103 matern\u0103 dec\u00e2t olandeza! La fel ca asisten\u021bii pe care \u00eei primi\u021bi la telefon atunci c\u00e2nd suna\u021bi pentru o programare. Credem c\u0103 acest lucru contribuie la o mai bun\u0103 \u00eengrijire a medicului de [&hellip;]\" \/>\n<meta property=\"og:url\" content=\"https:\/\/fonkelzorginternational.nl\/ro\/furnizorii-nostri-de-ingrijire\/\" \/>\n<meta property=\"og:site_name\" content=\"Fonkelzorginternational\" \/>\n<meta property=\"article:modified_time\" content=\"2025-01-21T17:24:52+00:00\" \/>\n<meta property=\"og:image\" content=\"https:\/\/fonkelzorginternational.nl\/wp-content\/uploads\/2026\/02\/Social-share-image.jpg\" \/>\n\t<meta property=\"og:image:width\" content=\"2500\" \/>\n\t<meta property=\"og:image:height\" content=\"1406\" \/>\n\t<meta property=\"og:image:type\" content=\"image\/jpeg\" \/>\n<meta name=\"twitter:card\" content=\"summary_large_image\" \/>\n<meta name=\"twitter:label1\" content=\"Timp estimat pentru citire\" \/>\n\t<meta name=\"twitter:data1\" content=\"8 minute\" \/>\n<script type=\"application\/ld+json\" class=\"yoast-schema-graph\">{\"@context\":\"https:\\\/\\\/schema.org\",\"@graph\":[{\"@type\":\"WebPage\",\"@id\":\"https:\\\/\\\/fonkelzorginternational.nl\\\/ro\\\/furnizorii-nostri-de-ingrijire\\\/\",\"url\":\"https:\\\/\\\/fonkelzorginternational.nl\\\/ro\\\/furnizorii-nostri-de-ingrijire\\\/\",\"name\":\"Furnizorii no\u0219tri de \u00eengrijire - Fonkelzorginternational\",\"isPartOf\":{\"@id\":\"https:\\\/\\\/fonkelzorginternational.nl\\\/ro\\\/#website\"},\"datePublished\":\"2024-10-31T13:24:49+00:00\",\"dateModified\":\"2025-01-21T17:24:52+00:00\",\"breadcrumb\":{\"@id\":\"https:\\\/\\\/fonkelzorginternational.nl\\\/ro\\\/furnizorii-nostri-de-ingrijire\\\/#breadcrumb\"},\"inLanguage\":\"ro-RO\",\"potentialAction\":[{\"@type\":\"ReadAction\",\"target\":[\"https:\\\/\\\/fonkelzorginternational.nl\\\/ro\\\/furnizorii-nostri-de-ingrijire\\\/\"]}]},{\"@type\":\"BreadcrumbList\",\"@id\":\"https:\\\/\\\/fonkelzorginternational.nl\\\/ro\\\/furnizorii-nostri-de-ingrijire\\\/#breadcrumb\",\"itemListElement\":[{\"@type\":\"ListItem\",\"position\":1,\"name\":\"Home\",\"item\":\"https:\\\/\\\/fonkelzorginternational.nl\\\/ro\\\/acasa\\\/\"},{\"@type\":\"ListItem\",\"position\":2,\"name\":\"Furnizorii no\u0219tri de \u00eengrijire\"}]},{\"@type\":\"WebSite\",\"@id\":\"https:\\\/\\\/fonkelzorginternational.nl\\\/ro\\\/#website\",\"url\":\"https:\\\/\\\/fonkelzorginternational.nl\\\/ro\\\/\",\"name\":\"Fonkelzorginternational\",\"description\":\"\",\"potentialAction\":[{\"@type\":\"SearchAction\",\"target\":{\"@type\":\"EntryPoint\",\"urlTemplate\":\"https:\\\/\\\/fonkelzorginternational.nl\\\/ro\\\/?s={search_term_string}\"},\"query-input\":{\"@type\":\"PropertyValueSpecification\",\"valueRequired\":true,\"valueName\":\"search_term_string\"}}],\"inLanguage\":\"ro-RO\"}]}<\/script>\n<!-- \/ Yoast SEO plugin. -->","yoast_head_json":{"title":"Furnizorii no\u0219tri de \u00eengrijire - Fonkelzorginternational","robots":{"index":"index","follow":"follow","max-snippet":"max-snippet:-1","max-image-preview":"max-image-preview:large","max-video-preview":"max-video-preview:-1"},"canonical":"https:\/\/fonkelzorginternational.nl\/ro\/furnizorii-nostri-de-ingrijire\/","og_locale":"ro_RO","og_type":"article","og_title":"Furnizorii no\u0219tri de \u00eengrijire - Fonkelzorginternational","og_description":"Sc\u00e2nteile noastre\u00cengrijitorii dumneavoastr\u0103.La Fonkelzorg International, doar \u00eengrijitorii interna\u021bionali lucreaz\u0103, special pentru dumneavoastr\u0103. Deci chiar \u0219i medicul dumneavoastr\u0103 de familie are o alt\u0103 limb\u0103 matern\u0103 dec\u00e2t olandeza! La fel ca asisten\u021bii pe care \u00eei primi\u021bi la telefon atunci c\u00e2nd suna\u021bi pentru o programare. Credem c\u0103 acest lucru contribuie la o mai bun\u0103 \u00eengrijire a medicului de [&hellip;]","og_url":"https:\/\/fonkelzorginternational.nl\/ro\/furnizorii-nostri-de-ingrijire\/","og_site_name":"Fonkelzorginternational","article_modified_time":"2025-01-21T17:24:52+00:00","og_image":[{"width":2500,"height":1406,"url":"https:\/\/fonkelzorginternational.nl\/wp-content\/uploads\/2026\/02\/Social-share-image.jpg","type":"image\/jpeg"}],"twitter_card":"summary_large_image","twitter_misc":{"Timp estimat pentru citire":"8 minute"},"schema":{"@context":"https:\/\/schema.org","@graph":[{"@type":"WebPage","@id":"https:\/\/fonkelzorginternational.nl\/ro\/furnizorii-nostri-de-ingrijire\/","url":"https:\/\/fonkelzorginternational.nl\/ro\/furnizorii-nostri-de-ingrijire\/","name":"Furnizorii no\u0219tri de \u00eengrijire - Fonkelzorginternational","isPartOf":{"@id":"https:\/\/fonkelzorginternational.nl\/ro\/#website"},"datePublished":"2024-10-31T13:24:49+00:00","dateModified":"2025-01-21T17:24:52+00:00","breadcrumb":{"@id":"https:\/\/fonkelzorginternational.nl\/ro\/furnizorii-nostri-de-ingrijire\/#breadcrumb"},"inLanguage":"ro-RO","potentialAction":[{"@type":"ReadAction","target":["https:\/\/fonkelzorginternational.nl\/ro\/furnizorii-nostri-de-ingrijire\/"]}]},{"@type":"BreadcrumbList","@id":"https:\/\/fonkelzorginternational.nl\/ro\/furnizorii-nostri-de-ingrijire\/#breadcrumb","itemListElement":[{"@type":"ListItem","position":1,"name":"Home","item":"https:\/\/fonkelzorginternational.nl\/ro\/acasa\/"},{"@type":"ListItem","position":2,"name":"Furnizorii no\u0219tri de \u00eengrijire"}]},{"@type":"WebSite","@id":"https:\/\/fonkelzorginternational.nl\/ro\/#website","url":"https:\/\/fonkelzorginternational.nl\/ro\/","name":"Fonkelzorginternational","description":"","potentialAction":[{"@type":"SearchAction","target":{"@type":"EntryPoint","urlTemplate":"https:\/\/fonkelzorginternational.nl\/ro\/?s={search_term_string}"},"query-input":{"@type":"PropertyValueSpecification","valueRequired":true,"valueName":"search_term_string"}}],"inLanguage":"ro-RO"}]}},"_links":{"self":[{"href":"https:\/\/fonkelzorginternational.nl\/ro\/wp-json\/wp\/v2\/pages\/2155","targetHints":{"allow":["GET"]}}],"collection":[{"href":"https:\/\/fonkelzorginternational.nl\/ro\/wp-json\/wp\/v2\/pages"}],"about":[{"href":"https:\/\/fonkelzorginternational.nl\/ro\/wp-json\/wp\/v2\/types\/page"}],"author":[{"embeddable":true,"href":"https:\/\/fonkelzorginternational.nl\/ro\/wp-json\/wp\/v2\/users\/1"}],"replies":[{"embeddable":true,"href":"https:\/\/fonkelzorginternational.nl\/ro\/wp-json\/wp\/v2\/comments?post=2155"}],"version-history":[{"count":16,"href":"https:\/\/fonkelzorginternational.nl\/ro\/wp-json\/wp\/v2\/pages\/2155\/revisions"}],"predecessor-version":[{"id":2593,"href":"https:\/\/fonkelzorginternational.nl\/ro\/wp-json\/wp\/v2\/pages\/2155\/revisions\/2593"}],"wp:attachment":[{"href":"https:\/\/fonkelzorginternational.nl\/ro\/wp-json\/wp\/v2\/media?parent=2155"}],"wp:term":[{"taxonomy":"dipi_cpt_category","embeddable":true,"href":"https:\/\/fonkelzorginternational.nl\/ro\/wp-json\/wp\/v2\/dipi_cpt_category?post=2155"}],"curies":[{"name":"wp","href":"https:\/\/api.w.org\/{rel}","templated":true}]}}