{"id":2052,"date":"2025-01-14T16:08:02","date_gmt":"2025-01-14T15:08:02","guid":{"rendered":"https:\/\/fonkelzorginternational.nl\/contact-colaborare-multumiri\/"},"modified":"2025-01-21T14:02:51","modified_gmt":"2025-01-21T13:02:51","slug":"contact-colaborare-multumiri","status":"publish","type":"page","link":"https:\/\/fonkelzorginternational.nl\/ro\/contact-colaborare-multumiri\/","title":{"rendered":"Contact colaborare mul\u021bumiri"},"content":{"rendered":"<p>[et_pb_section fb_built=&#8221;1&#8243; _builder_version=&#8221;4.27.2&#8243; _module_preset=&#8221;default&#8221; background_color=&#8221;#f4f7f7&#8243; global_colors_info=&#8221;{}&#8221;][et_pb_row column_structure=&#8221;1_2,1_2&#8243; _builder_version=&#8221;4.27.2&#8243; _module_preset=&#8221;e03bd45b-af17-433d-8788-b8d11d958870&#8243; global_colors_info=&#8221;{}&#8221;][et_pb_column type=&#8221;1_2&#8243; _builder_version=&#8221;4.27.2&#8243; _module_preset=&#8221;default&#8221; background_image=&#8221;https:\/\/fonkelzorginternational.nl\/wp-content\/uploads\/2024\/12\/yellow-border-hexa.svg&#8221; background_size=&#8221;contain&#8221; global_colors_info=&#8221;{}&#8221;][et_pb_image src=&#8221;https:\/\/fonkelzorginternational.nl\/wp-content\/uploads\/2025\/01\/Mayke-Dankers-Fonkelzorg-teams.png&#8221; title_text=&#8221;Mayke Dankers Fonkelzorg echipe&#8221; _builder_version=&#8221;4.27.4&#8243; _module_preset=&#8221;default&#8221; width=&#8221;400px&#8221; width_tablet=&#8221;300px&#8221; width_phone=&#8221;250px&#8221; width_last_edited=&#8221;on|phone&#8221; max_width=&#8221;100%&#8221; height=&#8221;400px&#8221; height_tablet=&#8221;300px&#8221; height_phone=&#8221;250px&#8221; height_last_edited=&#8221;on|phone&#8221; custom_css_main_element=&#8221; clip-path: polygon(50% 0, 100% 25%, 100% 75%, 50% 100%, 0 75%, 0 25%);&#8221; custom_css_free_form=&#8221;selector img {||  object-fit: cover !important;||  width: 100% !important;||}||selector .et_pb_image_wrap {||  width: 100% !important;||}&#8221; global_colors_info=&#8221;{}&#8221;][\/et_pb_image][et_pb_image src=&#8221;https:\/\/fonkelzorginternational.nl\/wp-content\/uploads\/2025\/01\/pexels-hannah-nelson-390257-1456951-1.jpg&#8221; title_text=&#8221;pexels-hannah-nelson-390257-1456951 (1)&#8221; align=&#8221;right&#8221; align_tablet=&#8221;right&#8221; align_phone=&#8221;right&#8221; align_last_edited=&#8221;on|phone&#8221; _builder_version=&#8221;4.27.4&#8243; _module_preset=&#8221;default&#8221; width=&#8221;250px&#8221; width_tablet=&#8221;250px&#8221; width_phone=&#8221;180px&#8221; width_last_edited=&#8221;on|phone&#8221; max_width=&#8221;100%&#8221; height=&#8221;250px&#8221; height_tablet=&#8221;250px&#8221; height_phone=&#8221;180px&#8221; height_last_edited=&#8221;on|phone&#8221; custom_margin=&#8221;-150px||||false|false&#8221; custom_margin_tablet=&#8221;-100px||||false|false&#8221; custom_margin_phone=&#8221;-60px||||false|false&#8221; custom_margin_last_edited=&#8221;on|phone&#8221; custom_css_main_element=&#8221; clip-path: polygon(50% 0, 100% 25%, 100% 75%, 50% 100%, 0 75%, 0 25%);&#8221; custom_css_free_form=&#8221;selector img {||  object-fit: cover !important;||  width: 100% !important;||}||selector .et_pb_image_wrap {||  width: 100% !important;||}&#8221; global_colors_info=&#8221;{}&#8221;][\/et_pb_image][et_pb_image src=&#8221;https:\/\/fonkelzorginternational.nl\/wp-content\/uploads\/2024\/12\/starts-icon-2nd.svg&#8221; title_text=&#8221;\u00eencepe-icon-2nd&#8221; align=&#8221;right&#8221; _builder_version=&#8221;4.27.2&#8243; _module_preset=&#8221;default&#8221; positioning=&#8221;absolute&#8221; position_origin_a=&#8221;top_right&#8221; horizontal_offset=&#8221;50px&#8221; z_index=&#8221;15&#8243; width=&#8221;100%&#8221; max_width_tablet=&#8221;80px&#8221; max_width_phone=&#8221;50px&#8221; max_width_last_edited=&#8221;on|tablet&#8221; custom_margin=&#8221;||2px|||&#8221; scroll_vertical_motion_enable=&#8221;on&#8221; scroll_vertical_motion=&#8221;0|50|50|100|-0.5|0|1.5&#8243; locked=&#8221;off&#8221; global_colors_info=&#8221;{}&#8221;][\/et_pb_image][\/et_pb_column][et_pb_column type=&#8221;1_2&#8243; _builder_version=&#8221;4.27.2&#8243; _module_preset=&#8221;default&#8221; global_colors_info=&#8221;{}&#8221;][et_pb_text _builder_version=&#8221;4.27.2&#8243; _module_preset=&#8221;a3dd3cee-c82b-4332-964e-55734f6ae433&#8243; header_2_font=&#8221;|700|||||||&#8221; header_2_text_color=&#8221;#337D82&#8243; header_2_font_size=&#8221;36px&#8221; header_2_line_height=&#8221;40px&#8221; module_alignment=&#8221;left&#8221; custom_margin=&#8221;||||false|false&#8221; header_2_font_size_tablet=&#8221;36px&#8221; header_2_font_size_phone=&#8221;&#8221; header_2_font_size_last_edited=&#8221;on|tablet&#8221; locked=&#8221;off&#8221; global_colors_info=&#8221;{}&#8221;]<\/p>\n<h2>Mul\u021bumesc!<\/h2>\n<p>[\/et_pb_text][et_pb_text _builder_version=&#8221;4.27.4&#8243; _module_preset=&#8221;a3dd3cee-c82b-4332-964e-55734f6ae433&#8243; text_text_color=&#8221;#727272&#8243; text_font_size=&#8221;16px&#8221; text_line_height=&#8221;24px&#8221; module_alignment=&#8221;left&#8221; custom_padding_tablet=&#8221;||0px||false|false&#8221; custom_padding_phone=&#8221;||0px||false|false&#8221; custom_padding_last_edited=&#8221;on|phone&#8221; locked=&#8221;off&#8221; global_colors_info=&#8221;{}&#8221;]<\/p>\n<p>Am primit solicitarea dvs. \u0219i v\u0103 vom contacta \u00een scurt timp.\ud83d\ude09 Aceasta va fi probabil Mayke (foto st\u00e2nga), ea este managerul nostru interna\u021bional Fonkelzorg \u0219i va avea f\u0103r\u0103 \u00eendoial\u0103 r\u0103spunsul la \u00eentrebarea dumneavoastr\u0103! <\/p>\n<p>\u00cen orice caz, dorim s\u0103 v\u0103 mul\u021bumim pentru c\u0103 ne-a\u021bi contactat, deoarece prin organizarea unor colabor\u0103ri bune, vom contribui cu to\u021bii la \u00eembun\u0103t\u0103\u021birea \u00eengrijirii pacien\u021bilor interna\u021bionali.<\/p>\n<p>Deci, treab\u0103 bun\u0103! \ud83d\udc4d<\/p>\n<p>[\/et_pb_text][\/et_pb_column][\/et_pb_row][\/et_pb_section]<\/p>\n","protected":false},"excerpt":{"rendered":"<p>Mul\u021bumesc!Am primit solicitarea dvs. \u0219i v\u0103 vom contacta \u00een scurt timp.\ud83d\ude09 Aceasta va fi probabil Mayke (foto st\u00e2nga), ea este managerul nostru interna\u021bional Fonkelzorg \u0219i va avea f\u0103r\u0103 \u00eendoial\u0103 r\u0103spunsul la \u00eentrebarea dumneavoastr\u0103! \u00cen orice caz, dorim s\u0103 v\u0103 mul\u021bumim pentru c\u0103 ne-a\u021bi contactat, deoarece prin organizarea unor colabor\u0103ri bune, vom contribui cu to\u021bii la [&hellip;]<\/p>\n","protected":false},"author":7,"featured_media":0,"parent":0,"menu_order":0,"comment_status":"closed","ping_status":"closed","template":"","meta":{"_et_pb_use_builder":"on","_et_pb_old_content":"","_et_gb_content_width":"","footnotes":""},"dipi_cpt_category":[],"class_list":["post-2052","page","type-page","status-publish","hentry"],"yoast_head":"<!-- This site is optimized with the Yoast SEO plugin v27.4 - https:\/\/yoast.com\/product\/yoast-seo-wordpress\/ -->\n<title>Contact colaborare mul\u021bumiri - Fonkelzorginternational<\/title>\n<meta name=\"robots\" content=\"index, follow, max-snippet:-1, max-image-preview:large, max-video-preview:-1\" \/>\n<link rel=\"canonical\" href=\"https:\/\/fonkelzorginternational.nl\/ro\/contact-colaborare-multumiri\/\" \/>\n<meta property=\"og:locale\" content=\"ro_RO\" \/>\n<meta property=\"og:type\" content=\"article\" \/>\n<meta property=\"og:title\" content=\"Contact colaborare mul\u021bumiri - Fonkelzorginternational\" \/>\n<meta property=\"og:description\" content=\"Mul\u021bumesc!Am primit solicitarea dvs. \u0219i v\u0103 vom contacta \u00een scurt timp.\ud83d\ude09 Aceasta va fi probabil Mayke (foto st\u00e2nga), ea este managerul nostru interna\u021bional Fonkelzorg \u0219i va avea f\u0103r\u0103 \u00eendoial\u0103 r\u0103spunsul la \u00eentrebarea dumneavoastr\u0103! \u00cen orice caz, dorim s\u0103 v\u0103 mul\u021bumim pentru c\u0103 ne-a\u021bi contactat, deoarece prin organizarea unor colabor\u0103ri bune, vom contribui cu to\u021bii la [&hellip;]\" \/>\n<meta property=\"og:url\" content=\"https:\/\/fonkelzorginternational.nl\/ro\/contact-colaborare-multumiri\/\" \/>\n<meta property=\"og:site_name\" content=\"Fonkelzorginternational\" \/>\n<meta property=\"article:modified_time\" content=\"2025-01-21T13:02:51+00:00\" \/>\n<meta property=\"og:image\" content=\"https:\/\/fonkelzorginternational.nl\/wp-content\/uploads\/2026\/02\/Social-share-image.jpg\" \/>\n\t<meta property=\"og:image:width\" content=\"2500\" \/>\n\t<meta property=\"og:image:height\" content=\"1406\" \/>\n\t<meta property=\"og:image:type\" content=\"image\/jpeg\" \/>\n<meta name=\"twitter:card\" content=\"summary_large_image\" \/>\n<meta name=\"twitter:label1\" content=\"Timp estimat pentru citire\" \/>\n\t<meta name=\"twitter:data1\" content=\"3 minute\" \/>\n<script type=\"application\/ld+json\" class=\"yoast-schema-graph\">{\"@context\":\"https:\\\/\\\/schema.org\",\"@graph\":[{\"@type\":\"WebPage\",\"@id\":\"https:\\\/\\\/fonkelzorginternational.nl\\\/ro\\\/contact-colaborare-multumiri\\\/\",\"url\":\"https:\\\/\\\/fonkelzorginternational.nl\\\/ro\\\/contact-colaborare-multumiri\\\/\",\"name\":\"Contact colaborare mul\u021bumiri - Fonkelzorginternational\",\"isPartOf\":{\"@id\":\"https:\\\/\\\/fonkelzorginternational.nl\\\/ro\\\/#website\"},\"datePublished\":\"2025-01-14T15:08:02+00:00\",\"dateModified\":\"2025-01-21T13:02:51+00:00\",\"breadcrumb\":{\"@id\":\"https:\\\/\\\/fonkelzorginternational.nl\\\/ro\\\/contact-colaborare-multumiri\\\/#breadcrumb\"},\"inLanguage\":\"ro-RO\",\"potentialAction\":[{\"@type\":\"ReadAction\",\"target\":[\"https:\\\/\\\/fonkelzorginternational.nl\\\/ro\\\/contact-colaborare-multumiri\\\/\"]}]},{\"@type\":\"BreadcrumbList\",\"@id\":\"https:\\\/\\\/fonkelzorginternational.nl\\\/ro\\\/contact-colaborare-multumiri\\\/#breadcrumb\",\"itemListElement\":[{\"@type\":\"ListItem\",\"position\":1,\"name\":\"Home\",\"item\":\"https:\\\/\\\/fonkelzorginternational.nl\\\/ro\\\/acasa\\\/\"},{\"@type\":\"ListItem\",\"position\":2,\"name\":\"Contact colaborare mul\u021bumiri\"}]},{\"@type\":\"WebSite\",\"@id\":\"https:\\\/\\\/fonkelzorginternational.nl\\\/ro\\\/#website\",\"url\":\"https:\\\/\\\/fonkelzorginternational.nl\\\/ro\\\/\",\"name\":\"Fonkelzorginternational\",\"description\":\"\",\"potentialAction\":[{\"@type\":\"SearchAction\",\"target\":{\"@type\":\"EntryPoint\",\"urlTemplate\":\"https:\\\/\\\/fonkelzorginternational.nl\\\/ro\\\/?s={search_term_string}\"},\"query-input\":{\"@type\":\"PropertyValueSpecification\",\"valueRequired\":true,\"valueName\":\"search_term_string\"}}],\"inLanguage\":\"ro-RO\"}]}<\/script>\n<!-- \/ Yoast SEO plugin. -->","yoast_head_json":{"title":"Contact colaborare mul\u021bumiri - Fonkelzorginternational","robots":{"index":"index","follow":"follow","max-snippet":"max-snippet:-1","max-image-preview":"max-image-preview:large","max-video-preview":"max-video-preview:-1"},"canonical":"https:\/\/fonkelzorginternational.nl\/ro\/contact-colaborare-multumiri\/","og_locale":"ro_RO","og_type":"article","og_title":"Contact colaborare mul\u021bumiri - Fonkelzorginternational","og_description":"Mul\u021bumesc!Am primit solicitarea dvs. \u0219i v\u0103 vom contacta \u00een scurt timp.\ud83d\ude09 Aceasta va fi probabil Mayke (foto st\u00e2nga), ea este managerul nostru interna\u021bional Fonkelzorg \u0219i va avea f\u0103r\u0103 \u00eendoial\u0103 r\u0103spunsul la \u00eentrebarea dumneavoastr\u0103! \u00cen orice caz, dorim s\u0103 v\u0103 mul\u021bumim pentru c\u0103 ne-a\u021bi contactat, deoarece prin organizarea unor colabor\u0103ri bune, vom contribui cu to\u021bii la [&hellip;]","og_url":"https:\/\/fonkelzorginternational.nl\/ro\/contact-colaborare-multumiri\/","og_site_name":"Fonkelzorginternational","article_modified_time":"2025-01-21T13:02:51+00:00","og_image":[{"width":2500,"height":1406,"url":"https:\/\/fonkelzorginternational.nl\/wp-content\/uploads\/2026\/02\/Social-share-image.jpg","type":"image\/jpeg"}],"twitter_card":"summary_large_image","twitter_misc":{"Timp estimat pentru citire":"3 minute"},"schema":{"@context":"https:\/\/schema.org","@graph":[{"@type":"WebPage","@id":"https:\/\/fonkelzorginternational.nl\/ro\/contact-colaborare-multumiri\/","url":"https:\/\/fonkelzorginternational.nl\/ro\/contact-colaborare-multumiri\/","name":"Contact colaborare mul\u021bumiri - Fonkelzorginternational","isPartOf":{"@id":"https:\/\/fonkelzorginternational.nl\/ro\/#website"},"datePublished":"2025-01-14T15:08:02+00:00","dateModified":"2025-01-21T13:02:51+00:00","breadcrumb":{"@id":"https:\/\/fonkelzorginternational.nl\/ro\/contact-colaborare-multumiri\/#breadcrumb"},"inLanguage":"ro-RO","potentialAction":[{"@type":"ReadAction","target":["https:\/\/fonkelzorginternational.nl\/ro\/contact-colaborare-multumiri\/"]}]},{"@type":"BreadcrumbList","@id":"https:\/\/fonkelzorginternational.nl\/ro\/contact-colaborare-multumiri\/#breadcrumb","itemListElement":[{"@type":"ListItem","position":1,"name":"Home","item":"https:\/\/fonkelzorginternational.nl\/ro\/acasa\/"},{"@type":"ListItem","position":2,"name":"Contact colaborare mul\u021bumiri"}]},{"@type":"WebSite","@id":"https:\/\/fonkelzorginternational.nl\/ro\/#website","url":"https:\/\/fonkelzorginternational.nl\/ro\/","name":"Fonkelzorginternational","description":"","potentialAction":[{"@type":"SearchAction","target":{"@type":"EntryPoint","urlTemplate":"https:\/\/fonkelzorginternational.nl\/ro\/?s={search_term_string}"},"query-input":{"@type":"PropertyValueSpecification","valueRequired":true,"valueName":"search_term_string"}}],"inLanguage":"ro-RO"}]}},"_links":{"self":[{"href":"https:\/\/fonkelzorginternational.nl\/ro\/wp-json\/wp\/v2\/pages\/2052","targetHints":{"allow":["GET"]}}],"collection":[{"href":"https:\/\/fonkelzorginternational.nl\/ro\/wp-json\/wp\/v2\/pages"}],"about":[{"href":"https:\/\/fonkelzorginternational.nl\/ro\/wp-json\/wp\/v2\/types\/page"}],"author":[{"embeddable":true,"href":"https:\/\/fonkelzorginternational.nl\/ro\/wp-json\/wp\/v2\/users\/7"}],"replies":[{"embeddable":true,"href":"https:\/\/fonkelzorginternational.nl\/ro\/wp-json\/wp\/v2\/comments?post=2052"}],"version-history":[{"count":2,"href":"https:\/\/fonkelzorginternational.nl\/ro\/wp-json\/wp\/v2\/pages\/2052\/revisions"}],"predecessor-version":[{"id":2054,"href":"https:\/\/fonkelzorginternational.nl\/ro\/wp-json\/wp\/v2\/pages\/2052\/revisions\/2054"}],"wp:attachment":[{"href":"https:\/\/fonkelzorginternational.nl\/ro\/wp-json\/wp\/v2\/media?parent=2052"}],"wp:term":[{"taxonomy":"dipi_cpt_category","embeddable":true,"href":"https:\/\/fonkelzorginternational.nl\/ro\/wp-json\/wp\/v2\/dipi_cpt_category?post=2052"}],"curies":[{"name":"wp","href":"https:\/\/api.w.org\/{rel}","templated":true}]}}