{"id":2055,"date":"2025-01-14T16:08:02","date_gmt":"2025-01-14T15:08:02","guid":{"rendered":"https:\/\/fonkelzorginternational.nl\/subskrybuj-dzieki\/"},"modified":"2025-01-21T14:02:52","modified_gmt":"2025-01-21T13:02:52","slug":"subskrybuj-dzieki","status":"publish","type":"page","link":"https:\/\/fonkelzorginternational.nl\/pl\/subskrybuj-dzieki\/","title":{"rendered":"Subskrybuj &#8211; dzi\u0119ki"},"content":{"rendered":"<p>[et_pb_section fb_built=&#8221;1&#8243; _builder_version=&#8221;4.27.2&#8243; _module_preset=&#8221;default&#8221; background_color=&#8221;#f4f7f7&#8243; global_colors_info=&#8221;{}&#8221;][et_pb_row column_structure=&#8221;1_2,1_2&#8243; _builder_version=&#8221;4.27.2&#8243; _module_preset=&#8221;e03bd45b-af17-433d-8788-b8d11d958870&#8243; global_colors_info=&#8221;{}&#8221;][et_pb_column type=&#8221;1_2&#8243; _builder_version=&#8221;4.27.2&#8243; _module_preset=&#8221;default&#8221; background_image=&#8221;https:\/\/fonkelzorginternational.nl\/wp-content\/uploads\/2024\/12\/yellow-border-hexa.svg&#8221; background_size=&#8221;contain&#8221; global_colors_info=&#8221;{}&#8221;][et_pb_image src=&#8221;https:\/\/fonkelzorginternational.nl\/wp-content\/uploads\/2025\/01\/pexels-hannah-nelson-390257-1456951-1.jpg&#8221; title_text=&#8221;pexels-hannah-nelson-390257-1456951 (1)&#8221; _builder_version=&#8221;4.27.4&#8243; _module_preset=&#8221;default&#8221; width=&#8221;400px&#8221; width_tablet=&#8221;300px&#8221; width_phone=&#8221;250px&#8221; width_last_edited=&#8221;on|phone&#8221; max_width=&#8221;100%&#8221; height=&#8221;400px&#8221; height_tablet=&#8221;300px&#8221; height_phone=&#8221;250px&#8221; height_last_edited=&#8221;on|phone&#8221; custom_css_main_element=&#8221; clip-path: polygon(50% 0, 100% 25%, 100% 75%, 50% 100%, 0 75%, 0 25%);&#8221; custom_css_free_form=&#8221;selector img {||  object-fit: cover !important;||  width: 100% !important;||}||selector .et_pb_image_wrap {||  width: 100% !important;||}&#8221; global_colors_info=&#8221;{}&#8221;][\/et_pb_image][et_pb_image src=&#8221;https:\/\/fonkelzorginternational.nl\/wp-content\/uploads\/2024\/11\/718293a623b8657e41f98bcc0175e6e1.jpg&#8221; title_text=&#8221;718293a623b8657e41f98bcc0175e6e1&#8243; align=&#8221;right&#8221; align_tablet=&#8221;right&#8221; align_phone=&#8221;right&#8221; align_last_edited=&#8221;on|phone&#8221; _builder_version=&#8221;4.27.2&#8243; _module_preset=&#8221;default&#8221; width=&#8221;250px&#8221; width_tablet=&#8221;250px&#8221; width_phone=&#8221;180px&#8221; width_last_edited=&#8221;on|phone&#8221; max_width=&#8221;100%&#8221; height=&#8221;250px&#8221; height_tablet=&#8221;250px&#8221; height_phone=&#8221;180px&#8221; height_last_edited=&#8221;on|phone&#8221; custom_margin=&#8221;-150px||||false|false&#8221; custom_margin_tablet=&#8221;-100px||||false|false&#8221; custom_margin_phone=&#8221;-60px||||false|false&#8221; custom_margin_last_edited=&#8221;on|phone&#8221; custom_css_main_element=&#8221; clip-path: polygon(50% 0, 100% 25%, 100% 75%, 50% 100%, 0 75%, 0 25%);&#8221; custom_css_free_form=&#8221;selector img {||  object-fit: cover !important;||  width: 100% !important;||}||selector .et_pb_image_wrap {||  width: 100% !important;||}&#8221; global_colors_info=&#8221;{}&#8221;][\/et_pb_image][et_pb_image src=&#8221;https:\/\/fonkelzorginternational.nl\/wp-content\/uploads\/2024\/12\/starts-icon-2nd.svg&#8221; title_text=&#8221;starts-icon-2nd&#8221; align=&#8221;right&#8221; _builder_version=&#8221;4.27.2&#8243; _module_preset=&#8221;default&#8221; positioning=&#8221;absolute&#8221; position_origin_a=&#8221;top_right&#8221; horizontal_offset=&#8221;50px&#8221; z_index=&#8221;15&#8243; width=&#8221;100%&#8221; max_width_tablet=&#8221;80px&#8221; max_width_phone=&#8221;50px&#8221; max_width_last_edited=&#8221;on|tablet&#8221; scroll_vertical_motion_enable=&#8221;on&#8221; scroll_vertical_motion=&#8221;0|50|50|100|-0.5|0|1.5&#8243; locked=&#8221;off&#8221; global_colors_info=&#8221;{}&#8221;][\/et_pb_image][\/et_pb_column][et_pb_column type=&#8221;1_2&#8243; _builder_version=&#8221;4.27.2&#8243; _module_preset=&#8221;default&#8221; global_colors_info=&#8221;{}&#8221;][et_pb_text _builder_version=&#8221;4.27.4&#8243; _module_preset=&#8221;a3dd3cee-c82b-4332-964e-55734f6ae433&#8243; header_5_font=&#8221;|700||on|||||&#8221; header_5_text_color=&#8221;#8DD0E1&#8243; header_5_line_height=&#8221;20px&#8221; custom_margin=&#8221;||0px||false|false&#8221; hover_enabled=&#8221;0&#8243; locked=&#8221;off&#8221; global_colors_info=&#8221;{}&#8221; sticky_enabled=&#8221;0&#8243;]<\/p>\n<h5>Uda\u0142o si\u0119!<\/h5>\n<p>[\/et_pb_text][et_pb_text _builder_version=&#8221;4.27.2&#8243; _module_preset=&#8221;a3dd3cee-c82b-4332-964e-55734f6ae433&#8243; header_2_font=&#8221;|700|||||||&#8221; header_2_text_color=&#8221;#337D82&#8243; header_2_font_size=&#8221;36px&#8221; header_2_line_height=&#8221;40px&#8221; module_alignment=&#8221;left&#8221; custom_margin=&#8221;||||false|false&#8221; header_2_font_size_tablet=&#8221;36px&#8221; header_2_font_size_phone=&#8221;&#8221; header_2_font_size_last_edited=&#8221;on|tablet&#8221; locked=&#8221;off&#8221; global_colors_info=&#8221;{}&#8221;]<\/p>\n<h2>Teraz zajmiemy si\u0119 prac\u0105 dla Ciebie.<\/h2>\n<p>[\/et_pb_text][et_pb_text _builder_version=&#8221;4.27.4&#8243; _module_preset=&#8221;a3dd3cee-c82b-4332-964e-55734f6ae433&#8243; text_text_color=&#8221;#727272&#8243; text_font_size=&#8221;16px&#8221; text_line_height=&#8221;24px&#8221; module_alignment=&#8221;left&#8221; custom_padding_tablet=&#8221;||0px||false|false&#8221; custom_padding_phone=&#8221;||0px||false|false&#8221; custom_padding_last_edited=&#8221;on|phone&#8221; locked=&#8221;off&#8221; global_colors_info=&#8221;{}&#8221;]<\/p>\n<p>Teraz sprawdzimy, czy wszystko jest w porz\u0105dku i czy faktycznie mo\u017cemy zarejestrowa\u0107 Ci\u0119 w Fonkelzorg International w celu korzystania z opieki lekarza rodzinnego. Sprawdzimy mi\u0119dzy innymi Twoje ubezpieczenie (mo\u017cesz r\u00f3wnie\u017c zarejestrowa\u0107 si\u0119 bez ubezpieczenia), a tak\u017ce miejsce zamieszkania. Wa\u017cne jest, aby Tw\u00f3j adres domowy lub adres pracy mie\u015bci\u0142 si\u0119 w naszym zakresie pracy.  <\/p>\n<p>[\/et_pb_text][et_pb_text _builder_version=&#8221;4.27.2&#8243; _module_preset=&#8221;a3dd3cee-c82b-4332-964e-55734f6ae433&#8243; header_2_font=&#8221;|700|||||||&#8221; header_2_text_color=&#8221;#337D82&#8243; header_2_font_size=&#8221;36px&#8221; header_2_line_height=&#8221;40px&#8221; module_alignment=&#8221;left&#8221; custom_margin=&#8221;||||false|false&#8221; header_2_font_size_tablet=&#8221;36px&#8221; header_2_font_size_phone=&#8221;&#8221; header_2_font_size_last_edited=&#8221;on|tablet&#8221; locked=&#8221;off&#8221; global_colors_info=&#8221;{}&#8221;]<\/p>\n<h2>Czy chcesz zarejestrowa\u0107 kogo\u015b jeszcze?<\/h2>\n<p>[\/et_pb_text][et_pb_text _builder_version=&#8221;4.27.4&#8243; _module_preset=&#8221;a3dd3cee-c82b-4332-964e-55734f6ae433&#8243; text_text_color=&#8221;#727272&#8243; text_font_size=&#8221;16px&#8221; text_line_height=&#8221;24px&#8221; module_alignment=&#8221;left&#8221; custom_padding_tablet=&#8221;||0px||false|false&#8221; custom_padding_phone=&#8221;||0px||false|false&#8221; custom_padding_last_edited=&#8221;on|phone&#8221; locked=&#8221;off&#8221; global_colors_info=&#8221;{}&#8221;]<\/p>\n<p>Chcesz zarejestrowa\u0107 cz\u0142onk\u00f3w rodziny? Lub poinformuj koleg\u0119 o Fonkelzorg International. Z przyjemno\u015bci\u0105! Poni\u017cej mo\u017cesz przej\u015b\u0107 bezpo\u015brednio do formularza rejestracyjnego. Wype\u0142nij go lub prze\u015blij dalej.      <\/p>\n<p>[\/et_pb_text][et_pb_button button_url=&#8221;https:\/\/fonkelzorginternational.nl\/inschrijven\/&#8221; button_text=&#8221;Wype\u0142nij inny formularz&#8221; _builder_version=&#8221;4.27.4&#8243; _module_preset=&#8221;e32b5c0e-b97e-45bc-bcb1-741ae832cf70&#8243; custom_margin=&#8221;||||false|true&#8221; custom_margin_tablet=&#8221;||||false|true&#8221; custom_margin_phone=&#8221;||||false|true&#8221; custom_margin_last_edited=&#8221;off|desktop&#8221; hover_enabled=&#8221;0&#8243; locked=&#8221;off&#8221; global_colors_info=&#8221;{}&#8221; sticky_enabled=&#8221;0&#8243;][\/et_pb_button][\/et_pb_column][\/et_pb_row][\/et_pb_section]<\/p>\n","protected":false},"excerpt":{"rendered":"<p>Uda\u0142o si\u0119!Teraz zajmiemy si\u0119 prac\u0105 dla Ciebie.Teraz sprawdzimy, czy wszystko jest w porz\u0105dku i czy faktycznie mo\u017cemy zarejestrowa\u0107 Ci\u0119 w Fonkelzorg International w celu korzystania z opieki lekarza rodzinnego. Sprawdzimy mi\u0119dzy innymi Twoje ubezpieczenie (mo\u017cesz r\u00f3wnie\u017c zarejestrowa\u0107 si\u0119 bez ubezpieczenia), a tak\u017ce miejsce zamieszkania. Wa\u017cne jest, aby Tw\u00f3j adres domowy lub adres pracy mie\u015bci\u0142 si\u0119 [&hellip;]<\/p>\n","protected":false},"author":7,"featured_media":0,"parent":0,"menu_order":0,"comment_status":"closed","ping_status":"closed","template":"","meta":{"_et_pb_use_builder":"on","_et_pb_old_content":"","_et_gb_content_width":"","footnotes":""},"dipi_cpt_category":[],"class_list":["post-2055","page","type-page","status-publish","hentry"],"yoast_head":"<!-- This site is optimized with the Yoast SEO plugin v27.3 - https:\/\/yoast.com\/product\/yoast-seo-wordpress\/ -->\n<title>Subskrybuj - dzi\u0119ki - Fonkelzorginternational<\/title>\n<meta name=\"robots\" content=\"index, follow, max-snippet:-1, max-image-preview:large, max-video-preview:-1\" \/>\n<link rel=\"canonical\" href=\"https:\/\/fonkelzorginternational.nl\/pl\/subskrybuj-dzieki\/\" \/>\n<meta property=\"og:locale\" content=\"pl_PL\" \/>\n<meta property=\"og:type\" content=\"article\" \/>\n<meta property=\"og:title\" content=\"Subskrybuj - dzi\u0119ki - Fonkelzorginternational\" \/>\n<meta property=\"og:description\" content=\"Uda\u0142o si\u0119!Teraz zajmiemy si\u0119 prac\u0105 dla Ciebie.Teraz sprawdzimy, czy wszystko jest w porz\u0105dku i czy faktycznie mo\u017cemy zarejestrowa\u0107 Ci\u0119 w Fonkelzorg International w celu korzystania z opieki lekarza rodzinnego. Sprawdzimy mi\u0119dzy innymi Twoje ubezpieczenie (mo\u017cesz r\u00f3wnie\u017c zarejestrowa\u0107 si\u0119 bez ubezpieczenia), a tak\u017ce miejsce zamieszkania. Wa\u017cne jest, aby Tw\u00f3j adres domowy lub adres pracy mie\u015bci\u0142 si\u0119 [&hellip;]\" \/>\n<meta property=\"og:url\" content=\"https:\/\/fonkelzorginternational.nl\/pl\/subskrybuj-dzieki\/\" \/>\n<meta property=\"og:site_name\" content=\"Fonkelzorginternational\" \/>\n<meta property=\"article:modified_time\" content=\"2025-01-21T13:02:52+00:00\" \/>\n<meta property=\"og:image\" content=\"https:\/\/fonkelzorginternational.nl\/wp-content\/uploads\/2026\/02\/Social-share-image.jpg\" \/>\n\t<meta property=\"og:image:width\" content=\"2500\" \/>\n\t<meta property=\"og:image:height\" content=\"1406\" \/>\n\t<meta property=\"og:image:type\" content=\"image\/jpeg\" \/>\n<meta name=\"twitter:card\" content=\"summary_large_image\" \/>\n<meta name=\"twitter:label1\" content=\"Szacowany czas czytania\" \/>\n\t<meta name=\"twitter:data1\" content=\"4 minuty\" \/>\n<script type=\"application\/ld+json\" class=\"yoast-schema-graph\">{\"@context\":\"https:\\\/\\\/schema.org\",\"@graph\":[{\"@type\":\"WebPage\",\"@id\":\"https:\\\/\\\/fonkelzorginternational.nl\\\/pl\\\/subskrybuj-dzieki\\\/\",\"url\":\"https:\\\/\\\/fonkelzorginternational.nl\\\/pl\\\/subskrybuj-dzieki\\\/\",\"name\":\"Subskrybuj - dzi\u0119ki - Fonkelzorginternational\",\"isPartOf\":{\"@id\":\"https:\\\/\\\/fonkelzorginternational.nl\\\/pl\\\/#website\"},\"datePublished\":\"2025-01-14T15:08:02+00:00\",\"dateModified\":\"2025-01-21T13:02:52+00:00\",\"breadcrumb\":{\"@id\":\"https:\\\/\\\/fonkelzorginternational.nl\\\/pl\\\/subskrybuj-dzieki\\\/#breadcrumb\"},\"inLanguage\":\"pl-PL\",\"potentialAction\":[{\"@type\":\"ReadAction\",\"target\":[\"https:\\\/\\\/fonkelzorginternational.nl\\\/pl\\\/subskrybuj-dzieki\\\/\"]}]},{\"@type\":\"BreadcrumbList\",\"@id\":\"https:\\\/\\\/fonkelzorginternational.nl\\\/pl\\\/subskrybuj-dzieki\\\/#breadcrumb\",\"itemListElement\":[{\"@type\":\"ListItem\",\"position\":1,\"name\":\"Home\",\"item\":\"https:\\\/\\\/fonkelzorginternational.nl\\\/pl\\\/strona-glowna\\\/\"},{\"@type\":\"ListItem\",\"position\":2,\"name\":\"Subskrybuj &#8211; dzi\u0119ki\"}]},{\"@type\":\"WebSite\",\"@id\":\"https:\\\/\\\/fonkelzorginternational.nl\\\/pl\\\/#website\",\"url\":\"https:\\\/\\\/fonkelzorginternational.nl\\\/pl\\\/\",\"name\":\"Fonkelzorginternational\",\"description\":\"\",\"potentialAction\":[{\"@type\":\"SearchAction\",\"target\":{\"@type\":\"EntryPoint\",\"urlTemplate\":\"https:\\\/\\\/fonkelzorginternational.nl\\\/pl\\\/?s={search_term_string}\"},\"query-input\":{\"@type\":\"PropertyValueSpecification\",\"valueRequired\":true,\"valueName\":\"search_term_string\"}}],\"inLanguage\":\"pl-PL\"}]}<\/script>\n<!-- \/ Yoast SEO plugin. -->","yoast_head_json":{"title":"Subskrybuj - dzi\u0119ki - Fonkelzorginternational","robots":{"index":"index","follow":"follow","max-snippet":"max-snippet:-1","max-image-preview":"max-image-preview:large","max-video-preview":"max-video-preview:-1"},"canonical":"https:\/\/fonkelzorginternational.nl\/pl\/subskrybuj-dzieki\/","og_locale":"pl_PL","og_type":"article","og_title":"Subskrybuj - dzi\u0119ki - Fonkelzorginternational","og_description":"Uda\u0142o si\u0119!Teraz zajmiemy si\u0119 prac\u0105 dla Ciebie.Teraz sprawdzimy, czy wszystko jest w porz\u0105dku i czy faktycznie mo\u017cemy zarejestrowa\u0107 Ci\u0119 w Fonkelzorg International w celu korzystania z opieki lekarza rodzinnego. Sprawdzimy mi\u0119dzy innymi Twoje ubezpieczenie (mo\u017cesz r\u00f3wnie\u017c zarejestrowa\u0107 si\u0119 bez ubezpieczenia), a tak\u017ce miejsce zamieszkania. Wa\u017cne jest, aby Tw\u00f3j adres domowy lub adres pracy mie\u015bci\u0142 si\u0119 [&hellip;]","og_url":"https:\/\/fonkelzorginternational.nl\/pl\/subskrybuj-dzieki\/","og_site_name":"Fonkelzorginternational","article_modified_time":"2025-01-21T13:02:52+00:00","og_image":[{"width":2500,"height":1406,"url":"https:\/\/fonkelzorginternational.nl\/wp-content\/uploads\/2026\/02\/Social-share-image.jpg","type":"image\/jpeg"}],"twitter_card":"summary_large_image","twitter_misc":{"Szacowany czas czytania":"4 minuty"},"schema":{"@context":"https:\/\/schema.org","@graph":[{"@type":"WebPage","@id":"https:\/\/fonkelzorginternational.nl\/pl\/subskrybuj-dzieki\/","url":"https:\/\/fonkelzorginternational.nl\/pl\/subskrybuj-dzieki\/","name":"Subskrybuj - dzi\u0119ki - Fonkelzorginternational","isPartOf":{"@id":"https:\/\/fonkelzorginternational.nl\/pl\/#website"},"datePublished":"2025-01-14T15:08:02+00:00","dateModified":"2025-01-21T13:02:52+00:00","breadcrumb":{"@id":"https:\/\/fonkelzorginternational.nl\/pl\/subskrybuj-dzieki\/#breadcrumb"},"inLanguage":"pl-PL","potentialAction":[{"@type":"ReadAction","target":["https:\/\/fonkelzorginternational.nl\/pl\/subskrybuj-dzieki\/"]}]},{"@type":"BreadcrumbList","@id":"https:\/\/fonkelzorginternational.nl\/pl\/subskrybuj-dzieki\/#breadcrumb","itemListElement":[{"@type":"ListItem","position":1,"name":"Home","item":"https:\/\/fonkelzorginternational.nl\/pl\/strona-glowna\/"},{"@type":"ListItem","position":2,"name":"Subskrybuj &#8211; dzi\u0119ki"}]},{"@type":"WebSite","@id":"https:\/\/fonkelzorginternational.nl\/pl\/#website","url":"https:\/\/fonkelzorginternational.nl\/pl\/","name":"Fonkelzorginternational","description":"","potentialAction":[{"@type":"SearchAction","target":{"@type":"EntryPoint","urlTemplate":"https:\/\/fonkelzorginternational.nl\/pl\/?s={search_term_string}"},"query-input":{"@type":"PropertyValueSpecification","valueRequired":true,"valueName":"search_term_string"}}],"inLanguage":"pl-PL"}]}},"_links":{"self":[{"href":"https:\/\/fonkelzorginternational.nl\/pl\/wp-json\/wp\/v2\/pages\/2055","targetHints":{"allow":["GET"]}}],"collection":[{"href":"https:\/\/fonkelzorginternational.nl\/pl\/wp-json\/wp\/v2\/pages"}],"about":[{"href":"https:\/\/fonkelzorginternational.nl\/pl\/wp-json\/wp\/v2\/types\/page"}],"author":[{"embeddable":true,"href":"https:\/\/fonkelzorginternational.nl\/pl\/wp-json\/wp\/v2\/users\/7"}],"replies":[{"embeddable":true,"href":"https:\/\/fonkelzorginternational.nl\/pl\/wp-json\/wp\/v2\/comments?post=2055"}],"version-history":[{"count":2,"href":"https:\/\/fonkelzorginternational.nl\/pl\/wp-json\/wp\/v2\/pages\/2055\/revisions"}],"predecessor-version":[{"id":2057,"href":"https:\/\/fonkelzorginternational.nl\/pl\/wp-json\/wp\/v2\/pages\/2055\/revisions\/2057"}],"wp:attachment":[{"href":"https:\/\/fonkelzorginternational.nl\/pl\/wp-json\/wp\/v2\/media?parent=2055"}],"wp:term":[{"taxonomy":"dipi_cpt_category","embeddable":true,"href":"https:\/\/fonkelzorginternational.nl\/pl\/wp-json\/wp\/v2\/dipi_cpt_category?post=2055"}],"curies":[{"name":"wp","href":"https:\/\/api.w.org\/{rel}","templated":true}]}}