{"id":3028,"date":"2024-10-31T14:24:49","date_gmt":"2024-10-31T13:24:49","guid":{"rendered":"https:\/\/fonkelzorginternational.nl\/asistencia-en-holanda\/"},"modified":"2025-01-29T10:02:47","modified_gmt":"2025-01-29T09:02:47","slug":"asistencia-en-holanda","status":"publish","type":"page","link":"https:\/\/fonkelzorginternational.nl\/es\/asistencia-en-holanda\/","title":{"rendered":"Sanidad en Holanda"},"content":{"rendered":"<p>[et_pb_section fb_built=\u00bb1&#8243; _builder_version=\u00bb4.27.2&#8243; _module_preset=\u00bbdefault\u00bb background_color=\u00bb#f4f7f7&#8243; global_colors_info=\u00bb{}\u00bb][et_pb_row column_structure=\u00bb1_2,1_2&#8243; _builder_version=\u00bb4.27.2&#8243; _module_preset=\u00bb5aed1b98-18b3-4841-8119-3a0fde1bca60&#8243; global_colors_info=\u00bb{}\u00bb][et_pb_column type=\u00bb1_2&#8243; _builder_version=\u00bb4.27.2&#8243; _module_preset=\u00bbdefault\u00bb background_image=\u00bbhttps:\/\/fonkelzorginternational.nl\/wp-content\/uploads\/2024\/12\/yellow-border-hexa.svg\u00bb background_size=\u00bbcontain\u00bb global_colors_info=\u00bb{}\u00bb][et_pb_image src=\u00bbhttps:\/\/fonkelzorginternational.nl\/wp-content\/uploads\/2024\/12\/73.-Plastest-II-scaled.jpg\u00bb title_text=\u00bb73. Plastest II\u00bb _builder_version=\u00bb4.27.4&#8243; _module_preset=\u00bbdefault\u00bb width=\u00bb400px\u00bb width_tablet=\u00bb300px\u00bb width_phone=\u00bb250px\u00bb width_last_edited=\u00bbon|phone\u00bb max_width=\u00bb100%\u00bb height=\u00bb400px\u00bb height_tablet=\u00bb300px\u00bb height_phone=\u00bb250px\u00bb height_last_edited=\u00bbon|phone\u00bb custom_css_main_element=\u00bb clip-path: polygon(50% 0, 100% 25%, 100% 75%, 50% 100%, 0 75%, 0 25%);\u00bb custom_css_free_form=\u00bbselector img {||  object-fit: cover !important;||  width: 100% !important;||}||selector .et_pb_image_wrap {||  width: 100% !important;||}\u00bb global_colors_info=\u00bb{}\u00bb][\/et_pb_image][et_pb_image src=\u00bbhttps:\/\/fonkelzorginternational.nl\/wp-content\/uploads\/2024\/12\/57.-Verband-om-vinger-bij-meisje-scaled.jpg\u00bb title_text=\u00bb57. Verband om vinger bij meisje\u00bb align=\u00bbright\u00bb align_tablet=\u00bbright\u00bb align_phone=\u00bbright\u00bb align_last_edited=\u00bbon|phone\u00bb _builder_version=\u00bb4.27.4&#8243; _module_preset=\u00bbdefault\u00bb width=\u00bb250px\u00bb width_tablet=\u00bb250px\u00bb width_phone=\u00bb180px\u00bb width_last_edited=\u00bbon|phone\u00bb max_width=\u00bb100%\u00bb height=\u00bb250px\u00bb height_tablet=\u00bb250px\u00bb height_phone=\u00bb180px\u00bb height_last_edited=\u00bbon|phone\u00bb custom_margin=\u00bb-150px||||false|false\u00bb custom_margin_tablet=\u00bb-100px||||false|false\u00bb custom_margin_phone=\u00bb-60px||||false|false\u00bb custom_margin_last_edited=\u00bbon|phone\u00bb custom_css_main_element=\u00bb clip-path: polygon(50% 0, 100% 25%, 100% 75%, 50% 100%, 0 75%, 0 25%);\u00bb custom_css_free_form=\u00bbselector img {||  object-fit: cover !important;||  width: 100% !important;||}||selector .et_pb_image_wrap {||  width: 100% !important;||}\u00bb global_colors_info=\u00bb{}\u00bb][\/et_pb_image][et_pb_image src=\u00bbhttps:\/\/fonkelzorginternational.nl\/wp-content\/uploads\/2024\/12\/starts-icon-2nd.svg\u00bb title_text=\u00bbinicio-icono-2&#8243; align=\u00bbright\u00bb _builder_version=\u00bb4.27.2&#8243; _module_preset=\u00bbdefault\u00bb positioning=\u00bbabsolute\u00bb position_origin_a=\u00bbtop_right\u00bb horizontal_offset=\u00bb50px\u00bb z_index=\u00bb15&#8243; width=\u00bb100%\u00bb max_width_tablet=\u00bb80px\u00bb max_width_phone=\u00bb50px\u00bb max_width_last_edited=\u00bbon|tablet\u00bb scroll_vertical_motion_enable=\u00bbon\u00bb scroll_vertical_motion=\u00bb0|50|50|100|-0.5|0|1.5&#8243; locked=\u00bboff\u00bb global_colors_info=\u00bb{}\u00bb][\/et_pb_image][\/et_pb_column][et_pb_column type=\u00bb1_2&#8243; _builder_version=\u00bb4.27.2&#8243; _module_preset=\u00bbdefault\u00bb global_colors_info=\u00bb{}\u00bb][et_pb_text _builder_version=\u00bb4.27.4&#8243; _module_preset=\u00bb3dbcea37-02ad-43cd-be80-6cdfcb5f519f\u00bb header_5_font=\u00bb|700||on|||||\u00bb header_5_text_color=\u00bb#8DD0E1&#8243; header_5_line_height=\u00bb20px\u00bb custom_margin=\u00bb||0px||false|false\u00bb locked=\u00bboff\u00bb global_colors_info=\u00bb{}\u00bb]<\/p>\n<h5>Explicaci\u00f3n de la sanidad holandesa<\/h5>\n<p>[\/et_pb_text][et_pb_text _builder_version=\u00bb4.27.2&#8243; _module_preset=\u00bb3dbcea37-02ad-43cd-be80-6cdfcb5f519f\u00bb header_2_font=\u00bb|700|||||||\u00bb header_2_text_color=\u00bb#337D82&#8243; header_2_font_size=\u00bb36px\u00bb header_2_line_height=\u00bb40px\u00bb module_alignment=\u00bbleft\u00bb custom_margin=\u00bb||||false|false\u00bb header_2_font_size_tablet=\u00bb36px\u00bb header_2_font_size_phone=\u00bb\u00bb header_2_font_size_last_edited=\u00bbon|tablet\u00bb locked=\u00bboff\u00bb global_colors_info=\u00bb{}\u00bb]<\/p>\n<h2>\u00bfC\u00f3mo funciona aqu\u00ed?<\/h2>\n<p>[\/et_pb_text][et_pb_text _builder_version=\u00bb4.27.2&#8243; _module_preset=\u00bb3dbcea37-02ad-43cd-be80-6cdfcb5f519f\u00bb text_text_color=\u00bb#727272&#8243; text_font_size=\u00bb16px\u00bb text_line_height=\u00bb24px\u00bb module_alignment=\u00bbleft\u00bb custom_padding_tablet=\u00bb||0px||false|false\u00bb custom_padding_phone=\u00bb||0px||false|false\u00bb custom_padding_last_edited=\u00bbon|phone\u00bb locked=\u00bboff\u00bb global_colors_info=\u00bb{}\u00bb]<\/p>\n<p>La asistencia sanitaria en Holanda funciona de forma diferente a la de muchos otros pa\u00edses. Por tanto, tambi\u00e9n puede ser diferente a lo que est\u00e1s acostumbrado. En esta p\u00e1gina encontrar\u00e1s varios art\u00edculos que explican c\u00f3mo funciona la asistencia sanitaria en Holanda.   <\/p>\n<p>[\/et_pb_text][\/et_pb_column][\/et_pb_row][\/et_pb_section][et_pb_section fb_built=\u00bb1&#8243; module_id=\u00bbverschillen\u00bb _builder_version=\u00bb4.27.4&#8243; _module_preset=\u00bbdefault\u00bb global_colors_info=\u00bb{}\u00bb][et_pb_row _builder_version=\u00bb4.27.4&#8243; _module_preset=\u00bbdefault\u00bb global_colors_info=\u00bb{}\u00bb][et_pb_column type=\u00bb4_4&#8243; _builder_version=\u00bb4.27.4&#8243; _module_preset=\u00bbdefault\u00bb global_colors_info=\u00bb{}\u00bb][et_pb_text _builder_version=\u00bb4.27.4&#8243; _module_preset=\u00bbdefault\u00bb global_colors_info=\u00bb{}\u00bb]<\/p>\n<p>Ve directamente a continuaci\u00f3n a nuestros art\u00edculos sobre:<\/p>\n<p>[\/et_pb_text][et_pb_button button_url=\u00bb#verschillen\u00bb button_text=\u00bbLas mayores diferencias\u00bb _builder_version=\u00bb4.27.4&#8243; _module_preset=\u00bbdefault\u00bb button_bg_color=\u00bb#E4C800&#8243; global_colors_info=\u00bb{}\u00bb][\/et_pb_button][et_pb_button button_url=\u00bb#Zorgverzekering\u00bb button_text=\u00bbSeguro de enfermedad\u00bb _builder_version=\u00bb4.27.4&#8243; _module_preset=\u00bbdefault\u00bb button_bg_color=\u00bb#E4C800&#8243; global_colors_info=\u00bb{}\u00bb][\/et_pb_button][et_pb_button button_url=\u00bb#Algemeen\u00bb button_text=\u00bbExplicaci\u00f3n general\u00bb _builder_version=\u00bb4.27.4&#8243; _module_preset=\u00bbdefault\u00bb button_bg_color=\u00bb#E4C800&#8243; global_colors_info=\u00bb{}\u00bb][\/et_pb_button][\/et_pb_column][\/et_pb_row][\/et_pb_section][et_pb_section fb_built=\u00bb1&#8243; module_id=\u00bbVerschillen\u00bb _builder_version=\u00bb4.27.4&#8243; _module_preset=\u00bbdefault\u00bb global_colors_info=\u00bb{}\u00bb][et_pb_row _builder_version=\u00bb4.27.4&#8243; _module_preset=\u00bbdefault\u00bb global_colors_info=\u00bb{}\u00bb][et_pb_column type=\u00bb4_4&#8243; _builder_version=\u00bb4.27.4&#8243; _module_preset=\u00bbdefault\u00bb global_colors_info=\u00bb{}\u00bb][et_pb_heading title=\u00bbLas mayores diferencias.\u00bb _builder_version=\u00bb4.27.4&#8243; _module_preset=\u00bbdefault\u00bb global_colors_info=\u00bb{}\u00bb][\/et_pb_heading][et_pb_blog fullwidth=\u00bboff\u00bb include_categories=\u00bb14&#8243; show_more=\u00bbon\u00bb show_author=\u00bboff\u00bb show_date=\u00bboff\u00bb show_categories=\u00bboff\u00bb _builder_version=\u00bb4.27.4&#8243; _module_preset=\u00bbdefault\u00bb read_more_font=\u00bb&#8211;et_global_heading_font|700|||||||\u00bb read_more_font_size=\u00bb18px\u00bb read_more_line_height=\u00bb2.2em\u00bb background_color=\u00bbRGBA(255,255,255,0)\u00bb width=\u00bb100%\u00bb box_shadow_style_image=\u00bbpreset1&#8243; global_colors_info=\u00bb{}\u00bb][\/et_pb_blog][\/et_pb_column][\/et_pb_row][\/et_pb_section][et_pb_section fb_built=\u00bb1&#8243; module_id=\u00bbSeguro de enfermedad\u00bb _builder_version=\u00bb4.27.4&#8243; _module_preset=\u00bbdefault\u00bb global_colors_info=\u00bb{}\u00bb][et_pb_row _builder_version=\u00bb4.27.4&#8243; _module_preset=\u00bbdefault\u00bb global_colors_info=\u00bb{}\u00bb][et_pb_column type=\u00bb4_4&#8243; _builder_version=\u00bb4.27.4&#8243; _module_preset=\u00bbdefault\u00bb global_colors_info=\u00bb{}\u00bb][et_pb_heading title=\u00bbSeguro de enfermedad.\u00bb _builder_version=\u00bb4.27.4&#8243; _module_preset=\u00bbdefault\u00bb global_colors_info=\u00bb{}\u00bb][\/et_pb_heading][et_pb_text _builder_version=\u00bb4.27.4&#8243; _module_preset=\u00bbdefault\u00bb global_colors_info=\u00bb{}\u00bb]<\/p>\n<p>Para una explicaci\u00f3n general del seguro de enfermedad holand\u00e9s, te recomendamos que veas este v\u00eddeo:<\/p>\n<p>[\/et_pb_text][et_pb_button button_url=\u00bbhttps:\/\/www.uitlegzorgverzekering.nl\/en\/modules\/health-insurance-explained\/#!\/178\/stap-1.html\u00bb url_new_window=\u00bbon\u00bb button_text=\u00bbVer v\u00eddeo\u00bb _builder_version=\u00bb4.27.4&#8243; _module_preset=\u00bbdefault\u00bb button_bg_color=\u00bb#E4C800&#8243; global_colors_info=\u00bb{}\u00bb][\/et_pb_button][et_pb_text _builder_version=\u00bb4.27.4&#8243; _module_preset=\u00bbdefault\u00bb global_colors_info=\u00bb{}\u00bb]<\/p>\n<p>Tambi\u00e9n encontrar\u00e1s toda la informaci\u00f3n que necesitas sobre el seguro de enfermedad en Holanda en este sitio web del gobierno holand\u00e9s:<\/p>\n<p>[\/et_pb_text][et_pb_button button_url=\u00bbhttps:\/\/www.government.nl\/topics\/health-insurance\u00bb url_new_window=\u00bbon\u00bb button_text=\u00bbIr al sitio web\u00bb _builder_version=\u00bb4.27.4&#8243; _module_preset=\u00bbdefault\u00bb button_bg_color=\u00bb#E4C800&#8243; global_colors_info=\u00bb{}\u00bb][\/et_pb_button][et_pb_blog fullwidth=\u00bboff\u00bb include_categories=\u00bb14&#8243; show_more=\u00bbon\u00bb show_author=\u00bboff\u00bb show_date=\u00bboff\u00bb show_categories=\u00bboff\u00bb _builder_version=\u00bb4.27.4&#8243; _module_preset=\u00bbdefault\u00bb read_more_font=\u00bb&#8211;et_global_heading_font|700|||||||\u00bb read_more_font_size=\u00bb18px\u00bb read_more_line_height=\u00bb2.2em\u00bb background_color=\u00bbRGBA(255,255,255,0)\u00bb width=\u00bb100%\u00bb box_shadow_style_image=\u00bbpreset1&#8243; global_colors_info=\u00bb{}\u00bb][\/et_pb_blog][\/et_pb_column][\/et_pb_row][\/et_pb_section][et_pb_section fb_built=\u00bb1&#8243; module_id=\u00bbAlgemeen\u00bb _builder_version=\u00bb4.27.4&#8243; _module_preset=\u00bbdefault\u00bb global_colors_info=\u00bb{}\u00bb][et_pb_row _builder_version=\u00bb4.27.4&#8243; _module_preset=\u00bbdefault\u00bb global_colors_info=\u00bb{}\u00bb][et_pb_column type=\u00bb4_4&#8243; _builder_version=\u00bb4.27.4&#8243; _module_preset=\u00bbdefault\u00bb global_colors_info=\u00bb{}\u00bb][et_pb_heading title=\u00bbExplicaci\u00f3n general.\u00bb _builder_version=\u00bb4.27.4&#8243; _module_preset=\u00bbdefault\u00bb global_colors_info=\u00bb{}\u00bb][\/et_pb_heading][et_pb_blog fullwidth=\u00bboff\u00bb include_categories=\u00bb13&#8243; show_more=\u00bbon\u00bb show_author=\u00bboff\u00bb show_date=\u00bboff\u00bb show_categories=\u00bboff\u00bb _builder_version=\u00bb4.27.4&#8243; _module_preset=\u00bbdefault\u00bb read_more_font=\u00bb&#8211;et_global_heading_font|700|||||||\u00bb read_more_font_size=\u00bb18px\u00bb read_more_line_height=\u00bb2.2em\u00bb background_color=\u00bbRGBA(255,255,255,0)\u00bb width=\u00bb100%\u00bb box_shadow_style_image=\u00bbpreset1&#8243; global_colors_info=\u00bb{}\u00bb][\/et_pb_blog][\/et_pb_column][\/et_pb_row][et_pb_row _builder_version=\u00bb4.27.4&#8243; _module_preset=\u00bbdefault\u00bb global_colors_info=\u00bb{}\u00bb][et_pb_column type=\u00bb4_4&#8243; _builder_version=\u00bb4.27.4&#8243; _module_preset=\u00bbdefault\u00bb global_colors_info=\u00bb{}\u00bb][\/et_pb_column][\/et_pb_row][\/et_pb_section]<\/p>\n","protected":false},"excerpt":{"rendered":"<p>Explicaci\u00f3n de la sanidad holandesa\u00bfC\u00f3mo funciona aqu\u00ed?La asistencia sanitaria en Holanda funciona de forma diferente a la de muchos otros pa\u00edses. Por tanto, tambi\u00e9n puede ser diferente a lo que est\u00e1s acostumbrado. En esta p\u00e1gina encontrar\u00e1s varios art\u00edculos que explican c\u00f3mo funciona la asistencia sanitaria en Holanda. Ve directamente a continuaci\u00f3n a nuestros art\u00edculos sobre:Para [&hellip;]<\/p>\n","protected":false},"author":1,"featured_media":0,"parent":0,"menu_order":0,"comment_status":"closed","ping_status":"closed","template":"","meta":{"_et_pb_use_builder":"on","_et_pb_old_content":"","_et_gb_content_width":"","footnotes":""},"dipi_cpt_category":[],"class_list":["post-3028","page","type-page","status-publish","hentry"],"yoast_head":"<!-- This site is optimized with the Yoast SEO plugin v27.4 - https:\/\/yoast.com\/product\/yoast-seo-wordpress\/ -->\n<title>Sanidad en Holanda - Fonkelzorginternational<\/title>\n<meta name=\"description\" content=\"\u00bfC\u00f3mo funciona la asistencia sanitaria en Holanda? Probablemente sea diferente de lo que est\u00e1s acostumbrado en tu pa\u00eds. Te lo explicamos.\" \/>\n<meta name=\"robots\" content=\"index, follow, max-snippet:-1, max-image-preview:large, max-video-preview:-1\" \/>\n<link rel=\"canonical\" href=\"https:\/\/fonkelzorginternational.nl\/es\/asistencia-en-holanda\/\" \/>\n<meta property=\"og:locale\" content=\"es_ES\" \/>\n<meta property=\"og:type\" content=\"article\" \/>\n<meta property=\"og:title\" content=\"Sanidad en Holanda - Fonkelzorginternational\" \/>\n<meta property=\"og:description\" content=\"\u00bfC\u00f3mo funciona la asistencia sanitaria en Holanda? Probablemente sea diferente de lo que est\u00e1s acostumbrado en tu pa\u00eds. Te lo explicamos.\" \/>\n<meta property=\"og:url\" content=\"https:\/\/fonkelzorginternational.nl\/es\/asistencia-en-holanda\/\" \/>\n<meta property=\"og:site_name\" content=\"Fonkelzorginternational\" \/>\n<meta property=\"article:modified_time\" content=\"2025-01-29T09:02:47+00:00\" \/>\n<meta property=\"og:image\" content=\"https:\/\/fonkelzorginternational.nl\/wp-content\/uploads\/2026\/02\/Social-share-image.jpg\" \/>\n\t<meta property=\"og:image:width\" content=\"2500\" \/>\n\t<meta property=\"og:image:height\" content=\"1406\" \/>\n\t<meta property=\"og:image:type\" content=\"image\/jpeg\" \/>\n<meta name=\"twitter:card\" content=\"summary_large_image\" \/>\n<meta name=\"twitter:label1\" content=\"Tiempo de lectura\" \/>\n\t<meta name=\"twitter:data1\" content=\"6 minutos\" \/>\n<script type=\"application\/ld+json\" class=\"yoast-schema-graph\">{\"@context\":\"https:\\\/\\\/schema.org\",\"@graph\":[{\"@type\":\"WebPage\",\"@id\":\"https:\\\/\\\/fonkelzorginternational.nl\\\/es\\\/asistencia-en-holanda\\\/\",\"url\":\"https:\\\/\\\/fonkelzorginternational.nl\\\/es\\\/asistencia-en-holanda\\\/\",\"name\":\"Sanidad en Holanda - Fonkelzorginternational\",\"isPartOf\":{\"@id\":\"https:\\\/\\\/fonkelzorginternational.nl\\\/es\\\/#website\"},\"datePublished\":\"2024-10-31T13:24:49+00:00\",\"dateModified\":\"2025-01-29T09:02:47+00:00\",\"description\":\"\u00bfC\u00f3mo funciona la asistencia sanitaria en Holanda? Probablemente sea diferente de lo que est\u00e1s acostumbrado en tu pa\u00eds. Te lo explicamos.\",\"breadcrumb\":{\"@id\":\"https:\\\/\\\/fonkelzorginternational.nl\\\/es\\\/asistencia-en-holanda\\\/#breadcrumb\"},\"inLanguage\":\"es\",\"potentialAction\":[{\"@type\":\"ReadAction\",\"target\":[\"https:\\\/\\\/fonkelzorginternational.nl\\\/es\\\/asistencia-en-holanda\\\/\"]}]},{\"@type\":\"BreadcrumbList\",\"@id\":\"https:\\\/\\\/fonkelzorginternational.nl\\\/es\\\/asistencia-en-holanda\\\/#breadcrumb\",\"itemListElement\":[{\"@type\":\"ListItem\",\"position\":1,\"name\":\"Home\",\"item\":\"https:\\\/\\\/fonkelzorginternational.nl\\\/es\\\/inicio\\\/\"},{\"@type\":\"ListItem\",\"position\":2,\"name\":\"Sanidad en Holanda\"}]},{\"@type\":\"WebSite\",\"@id\":\"https:\\\/\\\/fonkelzorginternational.nl\\\/es\\\/#website\",\"url\":\"https:\\\/\\\/fonkelzorginternational.nl\\\/es\\\/\",\"name\":\"Fonkelzorginternational\",\"description\":\"\",\"potentialAction\":[{\"@type\":\"SearchAction\",\"target\":{\"@type\":\"EntryPoint\",\"urlTemplate\":\"https:\\\/\\\/fonkelzorginternational.nl\\\/es\\\/?s={search_term_string}\"},\"query-input\":{\"@type\":\"PropertyValueSpecification\",\"valueRequired\":true,\"valueName\":\"search_term_string\"}}],\"inLanguage\":\"es\"}]}<\/script>\n<!-- \/ Yoast SEO plugin. -->","yoast_head_json":{"title":"Sanidad en Holanda - Fonkelzorginternational","description":"\u00bfC\u00f3mo funciona la asistencia sanitaria en Holanda? Probablemente sea diferente de lo que est\u00e1s acostumbrado en tu pa\u00eds. Te lo explicamos.","robots":{"index":"index","follow":"follow","max-snippet":"max-snippet:-1","max-image-preview":"max-image-preview:large","max-video-preview":"max-video-preview:-1"},"canonical":"https:\/\/fonkelzorginternational.nl\/es\/asistencia-en-holanda\/","og_locale":"es_ES","og_type":"article","og_title":"Sanidad en Holanda - Fonkelzorginternational","og_description":"\u00bfC\u00f3mo funciona la asistencia sanitaria en Holanda? Probablemente sea diferente de lo que est\u00e1s acostumbrado en tu pa\u00eds. Te lo explicamos.","og_url":"https:\/\/fonkelzorginternational.nl\/es\/asistencia-en-holanda\/","og_site_name":"Fonkelzorginternational","article_modified_time":"2025-01-29T09:02:47+00:00","og_image":[{"width":2500,"height":1406,"url":"https:\/\/fonkelzorginternational.nl\/wp-content\/uploads\/2026\/02\/Social-share-image.jpg","type":"image\/jpeg"}],"twitter_card":"summary_large_image","twitter_misc":{"Tiempo de lectura":"6 minutos"},"schema":{"@context":"https:\/\/schema.org","@graph":[{"@type":"WebPage","@id":"https:\/\/fonkelzorginternational.nl\/es\/asistencia-en-holanda\/","url":"https:\/\/fonkelzorginternational.nl\/es\/asistencia-en-holanda\/","name":"Sanidad en Holanda - Fonkelzorginternational","isPartOf":{"@id":"https:\/\/fonkelzorginternational.nl\/es\/#website"},"datePublished":"2024-10-31T13:24:49+00:00","dateModified":"2025-01-29T09:02:47+00:00","description":"\u00bfC\u00f3mo funciona la asistencia sanitaria en Holanda? Probablemente sea diferente de lo que est\u00e1s acostumbrado en tu pa\u00eds. Te lo explicamos.","breadcrumb":{"@id":"https:\/\/fonkelzorginternational.nl\/es\/asistencia-en-holanda\/#breadcrumb"},"inLanguage":"es","potentialAction":[{"@type":"ReadAction","target":["https:\/\/fonkelzorginternational.nl\/es\/asistencia-en-holanda\/"]}]},{"@type":"BreadcrumbList","@id":"https:\/\/fonkelzorginternational.nl\/es\/asistencia-en-holanda\/#breadcrumb","itemListElement":[{"@type":"ListItem","position":1,"name":"Home","item":"https:\/\/fonkelzorginternational.nl\/es\/inicio\/"},{"@type":"ListItem","position":2,"name":"Sanidad en Holanda"}]},{"@type":"WebSite","@id":"https:\/\/fonkelzorginternational.nl\/es\/#website","url":"https:\/\/fonkelzorginternational.nl\/es\/","name":"Fonkelzorginternational","description":"","potentialAction":[{"@type":"SearchAction","target":{"@type":"EntryPoint","urlTemplate":"https:\/\/fonkelzorginternational.nl\/es\/?s={search_term_string}"},"query-input":{"@type":"PropertyValueSpecification","valueRequired":true,"valueName":"search_term_string"}}],"inLanguage":"es"}]}},"_links":{"self":[{"href":"https:\/\/fonkelzorginternational.nl\/es\/wp-json\/wp\/v2\/pages\/3028","targetHints":{"allow":["GET"]}}],"collection":[{"href":"https:\/\/fonkelzorginternational.nl\/es\/wp-json\/wp\/v2\/pages"}],"about":[{"href":"https:\/\/fonkelzorginternational.nl\/es\/wp-json\/wp\/v2\/types\/page"}],"author":[{"embeddable":true,"href":"https:\/\/fonkelzorginternational.nl\/es\/wp-json\/wp\/v2\/users\/1"}],"replies":[{"embeddable":true,"href":"https:\/\/fonkelzorginternational.nl\/es\/wp-json\/wp\/v2\/comments?post=3028"}],"version-history":[{"count":7,"href":"https:\/\/fonkelzorginternational.nl\/es\/wp-json\/wp\/v2\/pages\/3028\/revisions"}],"predecessor-version":[{"id":3035,"href":"https:\/\/fonkelzorginternational.nl\/es\/wp-json\/wp\/v2\/pages\/3028\/revisions\/3035"}],"wp:attachment":[{"href":"https:\/\/fonkelzorginternational.nl\/es\/wp-json\/wp\/v2\/media?parent=3028"}],"wp:term":[{"taxonomy":"dipi_cpt_category","embeddable":true,"href":"https:\/\/fonkelzorginternational.nl\/es\/wp-json\/wp\/v2\/dipi_cpt_category?post=3028"}],"curies":[{"name":"wp","href":"https:\/\/api.w.org\/{rel}","templated":true}]}}