{"id":2058,"date":"2025-01-14T16:08:02","date_gmt":"2025-01-14T15:08:02","guid":{"rendered":"https:\/\/fonkelzorginternational.nl\/suscribete-gracias\/"},"modified":"2025-01-29T10:59:44","modified_gmt":"2025-01-29T09:59:44","slug":"suscribete-gracias","status":"publish","type":"page","link":"https:\/\/fonkelzorginternational.nl\/es\/suscribete-gracias\/","title":{"rendered":"Suscr\u00edbete-gracias"},"content":{"rendered":"<p>[et_pb_section fb_built=\u00bb1&#8243; _builder_version=\u00bb4.27.2&#8243; _module_preset=\u00bbdefault\u00bb background_color=\u00bb#f4f7f7&#8243; global_colors_info=\u00bb{}\u00bb][et_pb_row column_structure=\u00bb1_2,1_2&#8243; _builder_version=\u00bb4.27.2&#8243; _module_preset=\u00bbe03bd45b-af17-433d-8788-b8d11d958870&#8243; global_colors_info=\u00bb{}\u00bb][et_pb_column type=\u00bb1_2&#8243; _builder_version=\u00bb4.27.2&#8243; _module_preset=\u00bbdefault\u00bb background_image=\u00bbhttps:\/\/fonkelzorginternational.nl\/wp-content\/uploads\/2024\/12\/yellow-border-hexa.svg\u00bb background_size=\u00bbcontain\u00bb global_colors_info=\u00bb{}\u00bb][et_pb_image src=\u00bbhttps:\/\/fonkelzorginternational.nl\/wp-content\/uploads\/2025\/01\/pexels-hannah-nelson-390257-1456951-1.jpg\u00bb title_text=\u00bbpexels-hannah-nelson-390257-1456951 (1)\u00bb _builder_version=\u00bb4.27.4&#8243; _module_preset=\u00bbdefault\u00bb width=\u00bb400px\u00bb width_tablet=\u00bb300px\u00bb width_phone=\u00bb250px\u00bb width_last_edited=\u00bbon|phone\u00bb max_width=\u00bb100%\u00bb height=\u00bb400px\u00bb height_tablet=\u00bb300px\u00bb height_phone=\u00bb250px\u00bb height_last_edited=\u00bbon|phone\u00bb custom_css_main_element=\u00bb clip-path: polygon(50% 0, 100% 25%, 100% 75%, 50% 100%, 0 75%, 0 25%);\u00bb custom_css_free_form=\u00bbselector img {||  object-fit: cover !important;||  width: 100% !important;||}||selector .et_pb_image_wrap {||  width: 100% !important;||}\u00bb global_colors_info=\u00bb{}\u00bb][\/et_pb_image][et_pb_image src=\u00bbhttps:\/\/fonkelzorginternational.nl\/wp-content\/uploads\/2024\/11\/718293a623b8657e41f98bcc0175e6e1.jpg\u00bb title_text=\u00bb718293a623b8657e41f98bcc0175e6e1&#8243; align=\u00bbright\u00bb align_tablet=\u00bbright\u00bb align_phone=\u00bbright\u00bb align_last_edited=\u00bbon|phone\u00bb _builder_version=\u00bb4.27.2&#8243; _module_preset=\u00bbdefault\u00bb width=\u00bb250px\u00bb width_tablet=\u00bb250px\u00bb width_phone=\u00bb180px\u00bb width_last_edited=\u00bbon|phone\u00bb max_width=\u00bb100%\u00bb height=\u00bb250px\u00bb height_tablet=\u00bb250px\u00bb height_phone=\u00bb180px\u00bb height_last_edited=\u00bbon|phone\u00bb custom_margin=\u00bb-150px||||false|false\u00bb custom_margin_tablet=\u00bb-100px||||false|false\u00bb custom_margin_phone=\u00bb-60px||||false|false\u00bb custom_margin_last_edited=\u00bbon|phone\u00bb custom_css_main_element=\u00bb clip-path: polygon(50% 0, 100% 25%, 100% 75%, 50% 100%, 0 75%, 0 25%);\u00bb custom_css_free_form=\u00bbselector img {||  object-fit: cover !important;||  width: 100% !important;||}||selector .et_pb_image_wrap {||  width: 100% !important;||}\u00bb global_colors_info=\u00bb{}\u00bb][\/et_pb_image][et_pb_image src=\u00bbhttps:\/\/fonkelzorginternational.nl\/wp-content\/uploads\/2024\/12\/starts-icon-2nd.svg\u00bb title_text=\u00bbinicio-icono-2&#8243; align=\u00bbright\u00bb _builder_version=\u00bb4.27.2&#8243; _module_preset=\u00bbdefault\u00bb positioning=\u00bbabsolute\u00bb position_origin_a=\u00bbtop_right\u00bb horizontal_offset=\u00bb50px\u00bb z_index=\u00bb15&#8243; width=\u00bb100%\u00bb max_width_tablet=\u00bb80px\u00bb max_width_phone=\u00bb50px\u00bb max_width_last_edited=\u00bbon|tablet\u00bb scroll_vertical_motion_enable=\u00bbon\u00bb scroll_vertical_motion=\u00bb0|50|50|100|-0.5|0|1.5&#8243; locked=\u00bboff\u00bb global_colors_info=\u00bb{}\u00bb][\/et_pb_image][\/et_pb_column][et_pb_column type=\u00bb1_2&#8243; _builder_version=\u00bb4.27.2&#8243; _module_preset=\u00bbdefault\u00bb global_colors_info=\u00bb{}\u00bb][et_pb_text _builder_version=\u00bb4.27.4&#8243; _module_preset=\u00bba3dd3cee-c82b-4332-964e-55734f6ae433&#8243; header_5_font=\u00bb|700||on|||||\u00bb header_5_text_color=\u00bb#8DD0E1&#8243; header_5_line_height=\u00bb20px\u00bb custom_margin=\u00bb||0px||false|false\u00bb locked=\u00bboff\u00bb global_colors_info=\u00bb{}\u00bb]<\/p>\n<h5>\u00a1Funcion\u00f3!<\/h5>\n<p>[\/et_pb_text][et_pb_text _builder_version=\u00bb4.27.2&#8243; _module_preset=\u00bba3dd3cee-c82b-4332-964e-55734f6ae433&#8243; header_2_font=\u00bb|700|||||||\u00bb header_2_text_color=\u00bb#337D82&#8243; header_2_font_size=\u00bb36px\u00bb header_2_line_height=\u00bb40px\u00bb module_alignment=\u00bbleft\u00bb custom_margin=\u00bb||||false|false\u00bb header_2_font_size_tablet=\u00bb36px\u00bb header_2_font_size_phone=\u00bb\u00bb header_2_font_size_last_edited=\u00bbon|tablet\u00bb locked=\u00bboff\u00bb global_colors_info=\u00bb{}\u00bb]<\/p>\n<h2>Ahora nos pondremos a trabajar para ti.<\/h2>\n<p>[\/et_pb_text][et_pb_text _builder_version=\u00bb4.27.4&#8243; _module_preset=\u00bba3dd3cee-c82b-4332-964e-55734f6ae433&#8243; text_text_color=\u00bb#727272&#8243; text_font_size=\u00bb16px\u00bb text_line_height=\u00bb24px\u00bb module_alignment=\u00bbleft\u00bb custom_padding_tablet=\u00bb||0px||false|false\u00bb custom_padding_phone=\u00bb||0px||false|false\u00bb custom_padding_last_edited=\u00bbon|phone\u00bb locked=\u00bboff\u00bb global_colors_info=\u00bb{}\u00bb]<\/p>\n<p>Ahora comprobaremos si todo est\u00e1 en orden y si realmente podemos inscribirte en Fonkelzorg Internacional para que te atienda tu m\u00e9dico de cabecera. Entre otras cosas, comprobaremos tu seguro (tambi\u00e9n puedes inscribirte sin seguro) y tambi\u00e9n d\u00f3nde vives. Es importante que la direcci\u00f3n de tu casa o de tu trabajo est\u00e9 dentro de nuestro \u00e1mbito de trabajo.  <\/p>\n<p>[\/et_pb_text][et_pb_text _builder_version=\u00bb4.27.4&#8243; _module_preset=\u00bba3dd3cee-c82b-4332-964e-55734f6ae433&#8243; header_2_font=\u00bb|700|||||||\u00bb header_2_text_color=\u00bb#337D82&#8243; header_2_font_size=\u00bb36px\u00bb header_2_line_height=\u00bb40px\u00bb module_alignment=\u00bbleft\u00bb custom_margin=\u00bb||||false|false\u00bb hover_enabled=\u00bb0&#8243; header_2_font_size_tablet=\u00bb36px\u00bb header_2_font_size_phone=\u00bb\u00bb header_2_font_size_last_edited=\u00bbon|tablet\u00bb locked=\u00bboff\u00bb global_colors_info=\u00bb{}\u00bb sticky_enabled=\u00bb0&#8243;]<\/p>\n<h2>\u00bfQuieres inscribir a alguien m\u00e1s?<\/h2>\n<p>[\/et_pb_text][et_pb_text _builder_version=\u00bb4.27.4&#8243; _module_preset=\u00bba3dd3cee-c82b-4332-964e-55734f6ae433&#8243; text_text_color=\u00bb#727272&#8243; text_font_size=\u00bb16px\u00bb text_line_height=\u00bb24px\u00bb module_alignment=\u00bbleft\u00bb custom_padding_tablet=\u00bb||0px||false|false\u00bb custom_padding_phone=\u00bb||0px||false|false\u00bb custom_padding_last_edited=\u00bbon|phone\u00bb locked=\u00bboff\u00bb global_colors_info=\u00bb{}\u00bb]<\/p>\n<p>\u00bfQuieres inscribir a miembros de tu familia? \u00bfO informar a un colega sobre Fonkelzorg Internacional? \u00a1Con mucho gusto! A continuaci\u00f3n puedes ir directamente a un nuevo formulario de inscripci\u00f3n. Para rellenarlo o reenviarlo.     <\/p>\n<p>[\/et_pb_text][et_pb_button button_url=\u00bbhttps:\/\/fonkelzorginternational.nl\/es\/suscribete\/\u00bb button_text=\u00bbRellena otro formulario\u00bb _builder_version=\u00bb4.27.4&#8243; _module_preset=\u00bbe32b5c0e-b97e-45bc-bcb1-741ae832cf70&#8243; custom_margin=\u00bb||||false|true\u00bb custom_margin_tablet=\u00bb||||false|true\u00bb custom_margin_phone=\u00bb||||false|true\u00bb custom_margin_last_edited=\u00bboff|desktop\u00bb locked=\u00bboff\u00bb global_colors_info=\u00bb{}\u00bb][\/et_pb_button][\/et_pb_column][\/et_pb_row][\/et_pb_section]<\/p>\n","protected":false},"excerpt":{"rendered":"<p>\u00a1Funcion\u00f3!Ahora nos pondremos a trabajar para ti.Ahora comprobaremos si todo est\u00e1 en orden y si realmente podemos inscribirte en Fonkelzorg Internacional para que te atienda tu m\u00e9dico de cabecera. Entre otras cosas, comprobaremos tu seguro (tambi\u00e9n puedes inscribirte sin seguro) y tambi\u00e9n d\u00f3nde vives. Es importante que la direcci\u00f3n de tu casa o de tu [&hellip;]<\/p>\n","protected":false},"author":7,"featured_media":0,"parent":0,"menu_order":0,"comment_status":"closed","ping_status":"closed","template":"","meta":{"_et_pb_use_builder":"on","_et_pb_old_content":"","_et_gb_content_width":"","footnotes":""},"dipi_cpt_category":[],"class_list":["post-2058","page","type-page","status-publish","hentry"],"yoast_head":"<!-- This site is optimized with the Yoast SEO plugin v27.3 - https:\/\/yoast.com\/product\/yoast-seo-wordpress\/ -->\n<title>Suscr\u00edbete-gracias - Fonkelzorginternational<\/title>\n<meta name=\"robots\" content=\"index, follow, max-snippet:-1, max-image-preview:large, max-video-preview:-1\" \/>\n<link rel=\"canonical\" href=\"https:\/\/fonkelzorginternational.nl\/es\/suscribete-gracias\/\" \/>\n<meta property=\"og:locale\" content=\"es_ES\" \/>\n<meta property=\"og:type\" content=\"article\" \/>\n<meta property=\"og:title\" content=\"Suscr\u00edbete-gracias - Fonkelzorginternational\" \/>\n<meta property=\"og:description\" content=\"\u00a1Funcion\u00f3!Ahora nos pondremos a trabajar para ti.Ahora comprobaremos si todo est\u00e1 en orden y si realmente podemos inscribirte en Fonkelzorg Internacional para que te atienda tu m\u00e9dico de cabecera. Entre otras cosas, comprobaremos tu seguro (tambi\u00e9n puedes inscribirte sin seguro) y tambi\u00e9n d\u00f3nde vives. Es importante que la direcci\u00f3n de tu casa o de tu [&hellip;]\" \/>\n<meta property=\"og:url\" content=\"https:\/\/fonkelzorginternational.nl\/es\/suscribete-gracias\/\" \/>\n<meta property=\"og:site_name\" content=\"Fonkelzorginternational\" \/>\n<meta property=\"article:modified_time\" content=\"2025-01-29T09:59:44+00:00\" \/>\n<meta property=\"og:image\" content=\"https:\/\/fonkelzorginternational.nl\/wp-content\/uploads\/2026\/02\/Social-share-image.jpg\" \/>\n\t<meta property=\"og:image:width\" content=\"2500\" \/>\n\t<meta property=\"og:image:height\" content=\"1406\" \/>\n\t<meta property=\"og:image:type\" content=\"image\/jpeg\" \/>\n<meta name=\"twitter:card\" content=\"summary_large_image\" \/>\n<meta name=\"twitter:label1\" content=\"Tiempo de lectura\" \/>\n\t<meta name=\"twitter:data1\" content=\"4 minutos\" \/>\n<script type=\"application\/ld+json\" class=\"yoast-schema-graph\">{\"@context\":\"https:\\\/\\\/schema.org\",\"@graph\":[{\"@type\":\"WebPage\",\"@id\":\"https:\\\/\\\/fonkelzorginternational.nl\\\/es\\\/suscribete-gracias\\\/\",\"url\":\"https:\\\/\\\/fonkelzorginternational.nl\\\/es\\\/suscribete-gracias\\\/\",\"name\":\"Suscr\u00edbete-gracias - Fonkelzorginternational\",\"isPartOf\":{\"@id\":\"https:\\\/\\\/fonkelzorginternational.nl\\\/es\\\/#website\"},\"datePublished\":\"2025-01-14T15:08:02+00:00\",\"dateModified\":\"2025-01-29T09:59:44+00:00\",\"breadcrumb\":{\"@id\":\"https:\\\/\\\/fonkelzorginternational.nl\\\/es\\\/suscribete-gracias\\\/#breadcrumb\"},\"inLanguage\":\"es\",\"potentialAction\":[{\"@type\":\"ReadAction\",\"target\":[\"https:\\\/\\\/fonkelzorginternational.nl\\\/es\\\/suscribete-gracias\\\/\"]}]},{\"@type\":\"BreadcrumbList\",\"@id\":\"https:\\\/\\\/fonkelzorginternational.nl\\\/es\\\/suscribete-gracias\\\/#breadcrumb\",\"itemListElement\":[{\"@type\":\"ListItem\",\"position\":1,\"name\":\"Home\",\"item\":\"https:\\\/\\\/fonkelzorginternational.nl\\\/es\\\/inicio\\\/\"},{\"@type\":\"ListItem\",\"position\":2,\"name\":\"Suscr\u00edbete-gracias\"}]},{\"@type\":\"WebSite\",\"@id\":\"https:\\\/\\\/fonkelzorginternational.nl\\\/es\\\/#website\",\"url\":\"https:\\\/\\\/fonkelzorginternational.nl\\\/es\\\/\",\"name\":\"Fonkelzorginternational\",\"description\":\"\",\"potentialAction\":[{\"@type\":\"SearchAction\",\"target\":{\"@type\":\"EntryPoint\",\"urlTemplate\":\"https:\\\/\\\/fonkelzorginternational.nl\\\/es\\\/?s={search_term_string}\"},\"query-input\":{\"@type\":\"PropertyValueSpecification\",\"valueRequired\":true,\"valueName\":\"search_term_string\"}}],\"inLanguage\":\"es\"}]}<\/script>\n<!-- \/ Yoast SEO plugin. -->","yoast_head_json":{"title":"Suscr\u00edbete-gracias - Fonkelzorginternational","robots":{"index":"index","follow":"follow","max-snippet":"max-snippet:-1","max-image-preview":"max-image-preview:large","max-video-preview":"max-video-preview:-1"},"canonical":"https:\/\/fonkelzorginternational.nl\/es\/suscribete-gracias\/","og_locale":"es_ES","og_type":"article","og_title":"Suscr\u00edbete-gracias - Fonkelzorginternational","og_description":"\u00a1Funcion\u00f3!Ahora nos pondremos a trabajar para ti.Ahora comprobaremos si todo est\u00e1 en orden y si realmente podemos inscribirte en Fonkelzorg Internacional para que te atienda tu m\u00e9dico de cabecera. Entre otras cosas, comprobaremos tu seguro (tambi\u00e9n puedes inscribirte sin seguro) y tambi\u00e9n d\u00f3nde vives. Es importante que la direcci\u00f3n de tu casa o de tu [&hellip;]","og_url":"https:\/\/fonkelzorginternational.nl\/es\/suscribete-gracias\/","og_site_name":"Fonkelzorginternational","article_modified_time":"2025-01-29T09:59:44+00:00","og_image":[{"width":2500,"height":1406,"url":"https:\/\/fonkelzorginternational.nl\/wp-content\/uploads\/2026\/02\/Social-share-image.jpg","type":"image\/jpeg"}],"twitter_card":"summary_large_image","twitter_misc":{"Tiempo de lectura":"4 minutos"},"schema":{"@context":"https:\/\/schema.org","@graph":[{"@type":"WebPage","@id":"https:\/\/fonkelzorginternational.nl\/es\/suscribete-gracias\/","url":"https:\/\/fonkelzorginternational.nl\/es\/suscribete-gracias\/","name":"Suscr\u00edbete-gracias - Fonkelzorginternational","isPartOf":{"@id":"https:\/\/fonkelzorginternational.nl\/es\/#website"},"datePublished":"2025-01-14T15:08:02+00:00","dateModified":"2025-01-29T09:59:44+00:00","breadcrumb":{"@id":"https:\/\/fonkelzorginternational.nl\/es\/suscribete-gracias\/#breadcrumb"},"inLanguage":"es","potentialAction":[{"@type":"ReadAction","target":["https:\/\/fonkelzorginternational.nl\/es\/suscribete-gracias\/"]}]},{"@type":"BreadcrumbList","@id":"https:\/\/fonkelzorginternational.nl\/es\/suscribete-gracias\/#breadcrumb","itemListElement":[{"@type":"ListItem","position":1,"name":"Home","item":"https:\/\/fonkelzorginternational.nl\/es\/inicio\/"},{"@type":"ListItem","position":2,"name":"Suscr\u00edbete-gracias"}]},{"@type":"WebSite","@id":"https:\/\/fonkelzorginternational.nl\/es\/#website","url":"https:\/\/fonkelzorginternational.nl\/es\/","name":"Fonkelzorginternational","description":"","potentialAction":[{"@type":"SearchAction","target":{"@type":"EntryPoint","urlTemplate":"https:\/\/fonkelzorginternational.nl\/es\/?s={search_term_string}"},"query-input":{"@type":"PropertyValueSpecification","valueRequired":true,"valueName":"search_term_string"}}],"inLanguage":"es"}]}},"_links":{"self":[{"href":"https:\/\/fonkelzorginternational.nl\/es\/wp-json\/wp\/v2\/pages\/2058","targetHints":{"allow":["GET"]}}],"collection":[{"href":"https:\/\/fonkelzorginternational.nl\/es\/wp-json\/wp\/v2\/pages"}],"about":[{"href":"https:\/\/fonkelzorginternational.nl\/es\/wp-json\/wp\/v2\/types\/page"}],"author":[{"embeddable":true,"href":"https:\/\/fonkelzorginternational.nl\/es\/wp-json\/wp\/v2\/users\/7"}],"replies":[{"embeddable":true,"href":"https:\/\/fonkelzorginternational.nl\/es\/wp-json\/wp\/v2\/comments?post=2058"}],"version-history":[{"count":4,"href":"https:\/\/fonkelzorginternational.nl\/es\/wp-json\/wp\/v2\/pages\/2058\/revisions"}],"predecessor-version":[{"id":3093,"href":"https:\/\/fonkelzorginternational.nl\/es\/wp-json\/wp\/v2\/pages\/2058\/revisions\/3093"}],"wp:attachment":[{"href":"https:\/\/fonkelzorginternational.nl\/es\/wp-json\/wp\/v2\/media?parent=2058"}],"wp:term":[{"taxonomy":"dipi_cpt_category","embeddable":true,"href":"https:\/\/fonkelzorginternational.nl\/es\/wp-json\/wp\/v2\/dipi_cpt_category?post=2058"}],"curies":[{"name":"wp","href":"https:\/\/api.w.org\/{rel}","templated":true}]}}